{"id":930,"date":"2023-10-25T11:29:32","date_gmt":"2023-10-25T09:29:32","guid":{"rendered":"https:\/\/www.modumpistolklubb.no\/?page_id=930"},"modified":"2023-10-25T11:40:01","modified_gmt":"2023-10-25T09:40:01","slug":"feltloype","status":"publish","type":"page","link":"https:\/\/www.modumpistolklubb.no\/index.php\/feltloype\/","title":{"rendered":"Feltl\u00f8ype"},"content":{"rendered":"\n<p>Modum Pistolklubb har en godkjent feltl\u00f8ype som ble benyttet tidlig p\u00e5 2000 tallet. <br>Denne er i dag gjengrodd og ikke i bruk. <br><br>Det jobbes med kartlegging av denne igjen, for \u00e5 se om det er h\u00e5p for \u00e5 ta i bruk denne igjen. <br>Her er en liten smakebit p\u00e5 hvordan l\u00f8ypa s\u00e5 ut i gamle dager.<\/p>\n\n\n\n<figure class=\"wp-block-gallery has-nested-images columns-default is-cropped wp-block-gallery-1 is-layout-flex wp-block-gallery-is-layout-flex\">\n<figure class=\"wp-block-image size-large\"><img loading=\"lazy\" decoding=\"async\" width=\"600\" height=\"450\" data-id=\"935\" src=\"https:\/\/www.modumpistolklubb.no\/wp-content\/uploads\/2023\/10\/Stpl_08.jpg\" alt=\"\" class=\"wp-image-935\" srcset=\"https:\/\/www.modumpistolklubb.no\/wp-content\/uploads\/2023\/10\/Stpl_08.jpg 600w, https:\/\/www.modumpistolklubb.no\/wp-content\/uploads\/2023\/10\/Stpl_08-300x225.jpg 300w\" sizes=\"auto, (max-width: 600px) 100vw, 600px\" \/><\/figure>\n\n\n\n<figure class=\"wp-block-image size-large\"><img loading=\"lazy\" decoding=\"async\" width=\"600\" height=\"450\" data-id=\"934\" src=\"https:\/\/www.modumpistolklubb.no\/wp-content\/uploads\/2023\/10\/Stpl_09.jpg\" alt=\"\" class=\"wp-image-934\" srcset=\"https:\/\/www.modumpistolklubb.no\/wp-content\/uploads\/2023\/10\/Stpl_09.jpg 600w, https:\/\/www.modumpistolklubb.no\/wp-content\/uploads\/2023\/10\/Stpl_09-300x225.jpg 300w\" sizes=\"auto, (max-width: 600px) 100vw, 600px\" \/><\/figure>\n\n\n\n<figure class=\"wp-block-image size-large\"><img loading=\"lazy\" decoding=\"async\" width=\"600\" height=\"450\" data-id=\"933\" src=\"https:\/\/www.modumpistolklubb.no\/wp-content\/uploads\/2023\/10\/Stpl_10.jpg\" alt=\"\" class=\"wp-image-933\" srcset=\"https:\/\/www.modumpistolklubb.no\/wp-content\/uploads\/2023\/10\/Stpl_10.jpg 600w, https:\/\/www.modumpistolklubb.no\/wp-content\/uploads\/2023\/10\/Stpl_10-300x225.jpg 300w\" sizes=\"auto, (max-width: 600px) 100vw, 600px\" \/><\/figure>\n<\/figure>\n\n\n\n<figure class=\"wp-block-gallery has-nested-images columns-default is-cropped wp-block-gallery-2 is-layout-flex wp-block-gallery-is-layout-flex\">\n<figure class=\"wp-block-image size-large\"><img loading=\"lazy\" decoding=\"async\" width=\"600\" height=\"450\" data-id=\"937\" src=\"https:\/\/www.modumpistolklubb.no\/wp-content\/uploads\/2023\/10\/Stpl_06.jpg\" alt=\"\" class=\"wp-image-937\" srcset=\"https:\/\/www.modumpistolklubb.no\/wp-content\/uploads\/2023\/10\/Stpl_06.jpg 600w, https:\/\/www.modumpistolklubb.no\/wp-content\/uploads\/2023\/10\/Stpl_06-300x225.jpg 300w\" sizes=\"auto, (max-width: 600px) 100vw, 600px\" \/><\/figure>\n\n\n\n<figure class=\"wp-block-image size-large\"><img loading=\"lazy\" decoding=\"async\" width=\"600\" height=\"450\" data-id=\"938\" src=\"https:\/\/www.modumpistolklubb.no\/wp-content\/uploads\/2023\/10\/Stpl_05.jpg\" alt=\"\" class=\"wp-image-938\" srcset=\"https:\/\/www.modumpistolklubb.no\/wp-content\/uploads\/2023\/10\/Stpl_05.jpg 600w, https:\/\/www.modumpistolklubb.no\/wp-content\/uploads\/2023\/10\/Stpl_05-300x225.jpg 300w\" sizes=\"auto, (max-width: 600px) 100vw, 600px\" \/><\/figure>\n\n\n\n<figure class=\"wp-block-image size-large\"><img loading=\"lazy\" decoding=\"async\" width=\"600\" height=\"450\" data-id=\"936\" src=\"https:\/\/www.modumpistolklubb.no\/wp-content\/uploads\/2023\/10\/Stpl_07.jpg\" alt=\"\" class=\"wp-image-936\" srcset=\"https:\/\/www.modumpistolklubb.no\/wp-content\/uploads\/2023\/10\/Stpl_07.jpg 600w, https:\/\/www.modumpistolklubb.no\/wp-content\/uploads\/2023\/10\/Stpl_07-300x225.jpg 300w\" sizes=\"auto, (max-width: 600px) 100vw, 600px\" \/><\/figure>\n<\/figure>\n\n\n\n<figure class=\"wp-block-gallery has-nested-images columns-default is-cropped wp-block-gallery-3 is-layout-flex wp-block-gallery-is-layout-flex\">\n<figure class=\"wp-block-image size-large\"><img loading=\"lazy\" decoding=\"async\" width=\"600\" height=\"450\" data-id=\"940\" src=\"https:\/\/www.modumpistolklubb.no\/wp-content\/uploads\/2023\/10\/Stpl_03.jpg\" alt=\"\" class=\"wp-image-940\" srcset=\"https:\/\/www.modumpistolklubb.no\/wp-content\/uploads\/2023\/10\/Stpl_03.jpg 600w, https:\/\/www.modumpistolklubb.no\/wp-content\/uploads\/2023\/10\/Stpl_03-300x225.jpg 300w\" sizes=\"auto, (max-width: 600px) 100vw, 600px\" \/><\/figure>\n\n\n\n<figure class=\"wp-block-image size-large\"><img loading=\"lazy\" decoding=\"async\" width=\"600\" height=\"450\" data-id=\"941\" src=\"https:\/\/www.modumpistolklubb.no\/wp-content\/uploads\/2023\/10\/Stpl_02.jpg\" alt=\"\" class=\"wp-image-941\" srcset=\"https:\/\/www.modumpistolklubb.no\/wp-content\/uploads\/2023\/10\/Stpl_02.jpg 600w, https:\/\/www.modumpistolklubb.no\/wp-content\/uploads\/2023\/10\/Stpl_02-300x225.jpg 300w\" sizes=\"auto, (max-width: 600px) 100vw, 600px\" \/><\/figure>\n\n\n\n<figure class=\"wp-block-image size-large\"><img loading=\"lazy\" decoding=\"async\" width=\"600\" height=\"450\" data-id=\"939\" src=\"https:\/\/www.modumpistolklubb.no\/wp-content\/uploads\/2023\/10\/Stpl_04.jpg\" alt=\"\" class=\"wp-image-939\" srcset=\"https:\/\/www.modumpistolklubb.no\/wp-content\/uploads\/2023\/10\/Stpl_04.jpg 600w, https:\/\/www.modumpistolklubb.no\/wp-content\/uploads\/2023\/10\/Stpl_04-300x225.jpg 300w\" sizes=\"auto, (max-width: 600px) 100vw, 600px\" \/><\/figure>\n<\/figure>\n\n\n\n<figure class=\"wp-block-image size-full\"><img loading=\"lazy\" decoding=\"async\" width=\"600\" height=\"450\" src=\"https:\/\/www.modumpistolklubb.no\/wp-content\/uploads\/2023\/10\/Stpl_01.jpg\" alt=\"\" class=\"wp-image-942\" srcset=\"https:\/\/www.modumpistolklubb.no\/wp-content\/uploads\/2023\/10\/Stpl_01.jpg 600w, https:\/\/www.modumpistolklubb.no\/wp-content\/uploads\/2023\/10\/Stpl_01-300x225.jpg 300w\" sizes=\"auto, (max-width: 600px) 100vw, 600px\" \/><\/figure>\n\n\n\n<p><strong>Annet oppsett<\/strong><\/p>\n\n\n\n<figure class=\"wp-block-gallery has-nested-images columns-default is-cropped wp-block-gallery-4 is-layout-flex wp-block-gallery-is-layout-flex\">\n<figure class=\"wp-block-image size-large\"><img loading=\"lazy\" decoding=\"async\" width=\"600\" height=\"450\" data-id=\"947\" src=\"https:\/\/www.modumpistolklubb.no\/wp-content\/uploads\/2023\/10\/Stpl_01-2.jpg\" alt=\"\" class=\"wp-image-947\" srcset=\"https:\/\/www.modumpistolklubb.no\/wp-content\/uploads\/2023\/10\/Stpl_01-2.jpg 600w, https:\/\/www.modumpistolklubb.no\/wp-content\/uploads\/2023\/10\/Stpl_01-2-300x225.jpg 300w\" sizes=\"auto, (max-width: 600px) 100vw, 600px\" \/><\/figure>\n\n\n\n<figure class=\"wp-block-image size-large\"><img loading=\"lazy\" decoding=\"async\" width=\"600\" height=\"450\" data-id=\"948\" src=\"https:\/\/www.modumpistolklubb.no\/wp-content\/uploads\/2023\/10\/Stpl_02-1.jpg\" alt=\"\" class=\"wp-image-948\" srcset=\"https:\/\/www.modumpistolklubb.no\/wp-content\/uploads\/2023\/10\/Stpl_02-1.jpg 600w, https:\/\/www.modumpistolklubb.no\/wp-content\/uploads\/2023\/10\/Stpl_02-1-300x225.jpg 300w\" sizes=\"auto, (max-width: 600px) 100vw, 600px\" \/><\/figure>\n\n\n\n<figure class=\"wp-block-image size-large\"><img loading=\"lazy\" decoding=\"async\" width=\"600\" height=\"450\" data-id=\"950\" src=\"https:\/\/www.modumpistolklubb.no\/wp-content\/uploads\/2023\/10\/Stpl_03-2.jpg\" alt=\"\" class=\"wp-image-950\" srcset=\"https:\/\/www.modumpistolklubb.no\/wp-content\/uploads\/2023\/10\/Stpl_03-2.jpg 600w, https:\/\/www.modumpistolklubb.no\/wp-content\/uploads\/2023\/10\/Stpl_03-2-300x225.jpg 300w\" sizes=\"auto, (max-width: 600px) 100vw, 600px\" \/><\/figure>\n<\/figure>\n\n\n\n<figure class=\"wp-block-gallery has-nested-images columns-default is-cropped wp-block-gallery-5 is-layout-flex wp-block-gallery-is-layout-flex\">\n<figure class=\"wp-block-image size-large\"><img loading=\"lazy\" decoding=\"async\" width=\"600\" height=\"450\" data-id=\"951\" src=\"https:\/\/www.modumpistolklubb.no\/wp-content\/uploads\/2023\/10\/Stpl_04-1.jpg\" alt=\"\" class=\"wp-image-951\" srcset=\"https:\/\/www.modumpistolklubb.no\/wp-content\/uploads\/2023\/10\/Stpl_04-1.jpg 600w, https:\/\/www.modumpistolklubb.no\/wp-content\/uploads\/2023\/10\/Stpl_04-1-300x225.jpg 300w\" sizes=\"auto, (max-width: 600px) 100vw, 600px\" \/><\/figure>\n\n\n\n<figure class=\"wp-block-image size-large\"><img loading=\"lazy\" decoding=\"async\" width=\"600\" height=\"450\" data-id=\"953\" src=\"https:\/\/www.modumpistolklubb.no\/wp-content\/uploads\/2023\/10\/Stpl_05-2.jpg\" alt=\"\" class=\"wp-image-953\" srcset=\"https:\/\/www.modumpistolklubb.no\/wp-content\/uploads\/2023\/10\/Stpl_05-2.jpg 600w, https:\/\/www.modumpistolklubb.no\/wp-content\/uploads\/2023\/10\/Stpl_05-2-300x225.jpg 300w\" sizes=\"auto, (max-width: 600px) 100vw, 600px\" \/><\/figure>\n\n\n\n<figure class=\"wp-block-image size-large\"><img loading=\"lazy\" decoding=\"async\" width=\"600\" height=\"450\" data-id=\"954\" src=\"https:\/\/www.modumpistolklubb.no\/wp-content\/uploads\/2023\/10\/Stpl_06-1.jpg\" alt=\"\" class=\"wp-image-954\" srcset=\"https:\/\/www.modumpistolklubb.no\/wp-content\/uploads\/2023\/10\/Stpl_06-1.jpg 600w, https:\/\/www.modumpistolklubb.no\/wp-content\/uploads\/2023\/10\/Stpl_06-1-300x225.jpg 300w\" sizes=\"auto, (max-width: 600px) 100vw, 600px\" \/><\/figure>\n<\/figure>\n\n\n\n<figure class=\"wp-block-gallery has-nested-images columns-default is-cropped wp-block-gallery-6 is-layout-flex wp-block-gallery-is-layout-flex\">\n<figure class=\"wp-block-image size-large\"><img loading=\"lazy\" decoding=\"async\" width=\"600\" height=\"450\" data-id=\"955\" src=\"https:\/\/www.modumpistolklubb.no\/wp-content\/uploads\/2023\/10\/Stpl_07-1.jpg\" alt=\"\" class=\"wp-image-955\" srcset=\"https:\/\/www.modumpistolklubb.no\/wp-content\/uploads\/2023\/10\/Stpl_07-1.jpg 600w, https:\/\/www.modumpistolklubb.no\/wp-content\/uploads\/2023\/10\/Stpl_07-1-300x225.jpg 300w\" sizes=\"auto, (max-width: 600px) 100vw, 600px\" \/><\/figure>\n\n\n\n<figure class=\"wp-block-image size-large\"><img loading=\"lazy\" decoding=\"async\" width=\"600\" height=\"450\" data-id=\"956\" src=\"https:\/\/www.modumpistolklubb.no\/wp-content\/uploads\/2023\/10\/Stpl_08-1.jpg\" alt=\"\" class=\"wp-image-956\" srcset=\"https:\/\/www.modumpistolklubb.no\/wp-content\/uploads\/2023\/10\/Stpl_08-1.jpg 600w, https:\/\/www.modumpistolklubb.no\/wp-content\/uploads\/2023\/10\/Stpl_08-1-300x225.jpg 300w\" sizes=\"auto, (max-width: 600px) 100vw, 600px\" \/><\/figure>\n\n\n\n<figure class=\"wp-block-image size-large\"><img loading=\"lazy\" decoding=\"async\" width=\"600\" height=\"450\" data-id=\"957\" src=\"https:\/\/www.modumpistolklubb.no\/wp-content\/uploads\/2023\/10\/Stpl_09-1.jpg\" alt=\"\" class=\"wp-image-957\" srcset=\"https:\/\/www.modumpistolklubb.no\/wp-content\/uploads\/2023\/10\/Stpl_09-1.jpg 600w, https:\/\/www.modumpistolklubb.no\/wp-content\/uploads\/2023\/10\/Stpl_09-1-300x225.jpg 300w\" sizes=\"auto, (max-width: 600px) 100vw, 600px\" \/><\/figure>\n<\/figure>\n\n\n\n<figure class=\"wp-block-image size-full\"><img loading=\"lazy\" decoding=\"async\" width=\"600\" height=\"450\" src=\"https:\/\/www.modumpistolklubb.no\/wp-content\/uploads\/2023\/10\/Stpl_10-1.jpg\" alt=\"\" class=\"wp-image-958\" srcset=\"https:\/\/www.modumpistolklubb.no\/wp-content\/uploads\/2023\/10\/Stpl_10-1.jpg 600w, https:\/\/www.modumpistolklubb.no\/wp-content\/uploads\/2023\/10\/Stpl_10-1-300x225.jpg 300w\" sizes=\"auto, (max-width: 600px) 100vw, 600px\" \/><\/figure>\n","protected":false},"excerpt":{"rendered":"<p>Modum Pistolklubb har en godkjent feltl\u00f8ype som ble benyttet tidlig p\u00e5 2000 tallet. Denne er i dag gjengrodd og ikke i bruk. Det jobbes med &hellip; <\/p>\n","protected":false},"author":1,"featured_media":0,"parent":0,"menu_order":0,"comment_status":"closed","ping_status":"closed","template":"","meta":{"footnotes":""},"class_list":["post-930","page","type-page","status-publish","hentry"],"_links":{"self":[{"href":"https:\/\/www.modumpistolklubb.no\/index.php\/wp-json\/wp\/v2\/pages\/930","targetHints":{"allow":["GET"]}}],"collection":[{"href":"https:\/\/www.modumpistolklubb.no\/index.php\/wp-json\/wp\/v2\/pages"}],"about":[{"href":"https:\/\/www.modumpistolklubb.no\/index.php\/wp-json\/wp\/v2\/types\/page"}],"author":[{"embeddable":true,"href":"https:\/\/www.modumpistolklubb.no\/index.php\/wp-json\/wp\/v2\/users\/1"}],"replies":[{"embeddable":true,"href":"https:\/\/www.modumpistolklubb.no\/index.php\/wp-json\/wp\/v2\/comments?post=930"}],"version-history":[{"count":3,"href":"https:\/\/www.modumpistolklubb.no\/index.php\/wp-json\/wp\/v2\/pages\/930\/revisions"}],"predecessor-version":[{"id":959,"href":"https:\/\/www.modumpistolklubb.no\/index.php\/wp-json\/wp\/v2\/pages\/930\/revisions\/959"}],"wp:attachment":[{"href":"https:\/\/www.modumpistolklubb.no\/index.php\/wp-json\/wp\/v2\/media?parent=930"}],"curies":[{"name":"wp","href":"https:\/\/api.w.org\/{rel}","templated":true}]}}