{"id":880,"date":"2023-09-25T10:28:48","date_gmt":"2023-09-25T08:28:48","guid":{"rendered":"https:\/\/www.modumpistolklubb.no\/?page_id=880"},"modified":"2023-09-25T12:35:34","modified_gmt":"2023-09-25T10:35:34","slug":"sikkerhetsregler-pa-banen","status":"publish","type":"page","link":"https:\/\/www.modumpistolklubb.no\/index.php\/sikkerhetsregler-pa-banen\/","title":{"rendered":"Sikkerhetsregler p\u00e5 banen."},"content":{"rendered":"\n<ol class=\"wp-block-list\">\n<li>Kontroller alltid v\u00e5penet n\u00e5r du kommer p\u00e5 standplass.<\/li>\n\n\n\n<li>Pek aldri v\u00e5penet mot andre. Ved forflytting, skal det peke mot bakken, med flagget i. <\/li>\n\n\n\n<li>R\u00f8r aldri v\u00e5penet n\u00e5r det er folk foran p\u00e5 banen.<\/li>\n\n\n\n<li>Fylling av t\u00f8nne \/ magasin skal aldri gj\u00f8res f\u00f8r kommando LADING eller FYLL V\u00c5PEN MED KORREKT ANTALL PATRONER er sagt av skyteleder. <\/li>\n\n\n\n<li>V\u00e5pen \/ magasin t\u00f8mmes etter endt serie, eller p\u00e5 ordre fra skyteleder eller:<br>&#8211; Uforutsett hendelse som gj\u00f8r at skyting m\u00e5 opph\u00f8re<br>&#8211; V\u00e5penbrudd<br>&#8211; Du m\u00e5 forlate standplass.<\/li>\n\n\n\n<li>Om v\u00e5penet g\u00e5r i stykker, eller du tror det er noe galt med det, legg deg fra deg og meld fra til skyteleder. S\u00f8rg for \u00e5 ha t\u00f8mt det, og satt i flagg. Fors\u00f8k ikke \u00e5 reparere mens skytingen p\u00e5g\u00e5r.<\/li>\n\n\n\n<li>Forlat ikke v\u00e5penet p\u00e5 standplass, uten at du er sikker p\u00e5 at det er tomt, magasinet tatt ut, \u00e5pen mekanisme der det er mulig, og flagg satt igjennom l\u00f8pet. <\/li>\n\n\n\n<li>F\u00f8r du pakker ned v\u00e5penet, skal det visiteres av skyteleder, og deretter kontrolleres av deg selv, for \u00e5 v\u00e6re 100% sikker p\u00e5 at det er tomt, f\u00f8r du pakker det ned.<\/li>\n\n\n\n<li>G\u00e5 aldri frem til skivene etter endt skyting, f\u00f8r standplassleder har visitert alle v\u00e5pnene, og gitt ordren &laquo;ANVIS&raquo;<br><br><\/li>\n<\/ol>\n\n\n\n<h2 class=\"wp-block-heading\">Sikkerhetsregler utenfor banen.<\/h2>\n\n\n\n<ol class=\"wp-block-list\">\n<li>N\u00e5r v\u00e5pen taes ut av koffert, sekk o.l skal mekanismen \u00e5pnes, og magasin taes ut. <\/li>\n\n\n\n<li>Kontroller umiddelbart at det er tomt.<\/li>\n\n\n\n<li>R\u00f8r aldri et v\u00e5pen uten eiers tillatelse.<\/li>\n\n\n\n<li>Rett alltid v\u00e5pen mot sikker bakgrunn n\u00e5r du gj\u00f8r t\u00f8rrtrening. Ved b\u00e6ring av v\u00e5penet, skal munningen peke ned mot bakken.<\/li>\n\n\n\n<li>Lad aldri v\u00e5pen eller fyll magasin utenom anviste standplasser.<\/li>\n\n\n\n<li>V\u00c5PENET SKAL ALDRI PEKES MOT NOEN!<\/li>\n<\/ol>\n","protected":false},"excerpt":{"rendered":"<p>Sikkerhetsregler utenfor banen.<\/p>\n","protected":false},"author":1,"featured_media":0,"parent":0,"menu_order":0,"comment_status":"closed","ping_status":"closed","template":"","meta":{"footnotes":""},"class_list":["post-880","page","type-page","status-publish","hentry"],"_links":{"self":[{"href":"https:\/\/www.modumpistolklubb.no\/index.php\/wp-json\/wp\/v2\/pages\/880","targetHints":{"allow":["GET"]}}],"collection":[{"href":"https:\/\/www.modumpistolklubb.no\/index.php\/wp-json\/wp\/v2\/pages"}],"about":[{"href":"https:\/\/www.modumpistolklubb.no\/index.php\/wp-json\/wp\/v2\/types\/page"}],"author":[{"embeddable":true,"href":"https:\/\/www.modumpistolklubb.no\/index.php\/wp-json\/wp\/v2\/users\/1"}],"replies":[{"embeddable":true,"href":"https:\/\/www.modumpistolklubb.no\/index.php\/wp-json\/wp\/v2\/comments?post=880"}],"version-history":[{"count":1,"href":"https:\/\/www.modumpistolklubb.no\/index.php\/wp-json\/wp\/v2\/pages\/880\/revisions"}],"predecessor-version":[{"id":881,"href":"https:\/\/www.modumpistolklubb.no\/index.php\/wp-json\/wp\/v2\/pages\/880\/revisions\/881"}],"wp:attachment":[{"href":"https:\/\/www.modumpistolklubb.no\/index.php\/wp-json\/wp\/v2\/media?parent=880"}],"curies":[{"name":"wp","href":"https:\/\/api.w.org\/{rel}","templated":true}]}}