{"id":846,"date":"2023-09-24T10:47:34","date_gmt":"2023-09-24T08:47:34","guid":{"rendered":"https:\/\/www.modumpistolklubb.no\/?page_id=846"},"modified":"2024-08-14T23:47:09","modified_gmt":"2024-08-14T21:47:09","slug":"skytegrener","status":"publish","type":"page","link":"https:\/\/www.modumpistolklubb.no\/index.php\/skytegrener\/","title":{"rendered":"Skytegrener"},"content":{"rendered":"\n<div class=\"wp-block-aab-accordion-block aab__accordion_container\" style=\"border:1px solid #cccccc;margin-top:0px;margin-bottom:15px;border-radius:0px\"><div class=\"aab__accordion_head aab_right_icon\" data-active=\"false\" style=\"color:#333333;background-color:transparent;padding:10px 15px 10px 15px\"><div class=\"aab__accordion_heading aab_right_icon\"><h4 class=\"aab__accordion_title\" style=\"margin:0;color:#333333\">NAIS<\/h4><\/div><div class=\"aab__accordion_icon\" style=\"color:#333333;background-color:transparent\"><span class=\"aab__icon dashicons dashicons-plus-alt2\"><\/span><\/div><\/div><div class=\"aab__accordion_body \" role=\"region\" style=\"background-color:transparent;border-top:1px solid #cccccc;padding:10px 15px 10px 15px\">\n<div class=\"wp-block-media-text alignwide is-stacked-on-mobile\" style=\"grid-template-columns:29% auto\"><figure class=\"wp-block-media-text__media\"><img loading=\"lazy\" decoding=\"async\" width=\"150\" height=\"150\" src=\"https:\/\/www.modumpistolklubb.no\/wp-content\/uploads\/2023\/09\/Duellskive-2.png\" alt=\"\" class=\"wp-image-851 size-full\"\/><\/figure><div class=\"wp-block-media-text__content\">\n<p>V\u00e5pentype og kaliber: Fin .22 &#8211; .32, Grov: .38 &#8211; .45<br><br>Serier:<br>5 skudd pr\u00f8veserie 150 sekunder<br><br>Konkurranse serier:<br>2 serier \u00e0 5 skudd &#8211; 150 sekunder<br>2 duellserier \u00e0 5 skudd<br>1 serie \u00e0 5 skudd 20 sekunder<br>1 serie \u00e0 5 skudd 10 sekunder<\/p>\n<\/div><\/div>\n\n\n\n<div class=\"wp-block-aab-accordion-block aab__accordion_container\" style=\"border:1px solid #cccccc;margin-top:0px;margin-bottom:15px;border-radius:0px\"><div class=\"aab__accordion_head aab_right_icon\" data-active=\"false\" style=\"color:#333333;background-color:transparent;padding:10px 15px 10px 15px\"><div class=\"aab__accordion_heading aab_right_icon\"><h4 class=\"aab__accordion_title\" style=\"margin:0;color:#333333\">Merkekrav<\/h4><\/div><div class=\"aab__accordion_icon\" style=\"color:#333333;background-color:transparent\"><span class=\"aab__icon dashicons dashicons-plus-alt2\"><\/span><\/div><\/div><div class=\"aab__accordion_body \" role=\"region\" style=\"background-color:transparent;border-top:1px solid #cccccc;padding:10px 15px 10px 15px\">\n<p><\/p>\n\n\n\n<figure class=\"wp-block-table is-style-stripes\"><table class=\"has-fixed-layout\"><tbody><tr><td><strong>V\u00e5pen<\/strong><\/td><td><strong>Fin<\/strong><\/td><td><strong>Grov<\/strong><\/td><td><strong>Luft<\/strong><\/td><\/tr><tr><td>Bronsemerke<\/td><td>200p<\/td><td>180p<\/td><td>180p<\/td><\/tr><tr><td>S\u00f8lvmerke<\/td><td>210p<\/td><td>190p<\/td><td>190p<\/td><\/tr><tr><td>Gullmerke<\/td><td>220p<\/td><td>200p<\/td><td>200p<\/td><\/tr><tr><td>Bronsemedalje<\/td><td>240p<\/td><td>220p<\/td><td>220p<\/td><\/tr><tr><td>S\u00f8lvmedalje<\/td><td>250p<\/td><td>230p<\/td><td>230p<\/td><\/tr><tr><td>Gullmedalje<\/td><td>260p<\/td><td>240p<\/td><td>240p<\/td><\/tr><\/tbody><\/table><\/figure>\n\n\n\n<figure class=\"wp-block-table is-style-stripes\"><table><tbody><tr><td>Bronse Emailjestjerne<\/td><td>Klart kravet til gullmedalje i tre forskjellige \u00e5r etter Gullmedalje<\/td><\/tr><tr><td>S\u00f8lv Emaljestjerne<\/td><td>Klart kravet til Gullmedalje i tre forskjellige \u00e5r etter Bronse Emaljestjerne<\/td><\/tr><tr><td>Gull Emaljestjerne<\/td><td>Klart kravet til Gullmedalje i tre forskjellige \u00e5r etter Emaljestjerne i s\u00f8lv<\/td><\/tr><tr><td>Statuett<\/td><td>Klart kravet til Gullmedalje f\u00f8rste \u00e5r etter Gull Emaljestjerne.<\/td><\/tr><\/tbody><\/table><\/figure>\n<\/div><\/div>\n\n\n\n<p><br><br> <\/p>\n<\/div><\/div>\n\n\n\n<div class=\"wp-block-aab-accordion-block aab__accordion_container\" style=\"border:1px solid #cccccc;margin-top:0px;margin-bottom:15px;border-radius:0px\"><div class=\"aab__accordion_head aab_right_icon\" data-active=\"false\" style=\"color:#333333;background-color:transparent;padding:10px 15px 10px 15px\"><div class=\"aab__accordion_heading aab_right_icon\"><h4 class=\"aab__accordion_title\" style=\"margin:0;color:#333333\">Standardpistol<\/h4><\/div><div class=\"aab__accordion_icon\" style=\"color:#333333;background-color:transparent\"><span class=\"aab__icon dashicons dashicons-plus-alt2\"><\/span><\/div><\/div><div class=\"aab__accordion_body \" role=\"region\" style=\"background-color:transparent;border-top:1px solid #cccccc;padding:10px 15px 10px 15px\">\n<p>Skytes p\u00e5 internasjonal presisjonsskive<br>Det skytes 60 skudd fordelt 12 serier \u00e0 5 skudd, p\u00e5 25 meter<\/p>\n\n\n\n<div class=\"wp-block-media-text alignwide is-stacked-on-mobile\" style=\"grid-template-columns:24% auto\"><figure class=\"wp-block-media-text__media\"><img loading=\"lazy\" decoding=\"async\" width=\"150\" height=\"150\" src=\"https:\/\/www.modumpistolklubb.no\/wp-content\/uploads\/2023\/09\/luftpistolskive.png\" alt=\"\" class=\"wp-image-852 size-full\"\/><\/figure><div class=\"wp-block-media-text__content\">\n<p>V\u00e5pen og kaliber: Finpistol .22, maks vekt 1400g, min avtrekksvekt: 1000g<br>Pr\u00f8veskudd: 1 serie \u00e0 5 skudd p\u00e5 150 sekunder<br>Konkurranseserier: 4 serier \u00e0 5 skudd, 150 sekunder per serie<br>                                         4 serier \u00e0 5 skudd, 20 sekunder per serie<br>                                         4 serier \u00e0 5 skudd, 10 sekunder per serie<\/p>\n<\/div><\/div>\n<\/div><\/div>\n\n\n\n<div class=\"wp-block-aab-accordion-block aab__accordion_container\" style=\"border:1px solid #cccccc;margin-top:0px;margin-bottom:15px;border-radius:0px\"><div class=\"aab__accordion_head aab_right_icon\" data-active=\"false\" style=\"color:#333333;background-color:transparent;padding:10px 15px 10px 15px\"><div class=\"aab__accordion_heading aab_right_icon\"><h4 class=\"aab__accordion_title\" style=\"margin:0;color:#333333\">Hurtigpistol<\/h4><\/div><div class=\"aab__accordion_icon\" style=\"color:#333333;background-color:transparent\"><span class=\"aab__icon dashicons dashicons-plus-alt2\"><\/span><\/div><\/div><div class=\"aab__accordion_body \" role=\"region\" style=\"background-color:transparent;border-top:1px solid #cccccc;padding:10px 15px 10px 15px\">\n<p>60 skudd fordelt p\u00e5 12 serier \u00e0 5 skudd. 25 meter<\/p>\n\n\n\n<div class=\"wp-block-media-text alignwide has-media-on-the-right is-stacked-on-mobile\" style=\"grid-template-columns:auto 25%\"><div class=\"wp-block-media-text__content\">\n<p>Finpistol: .22<br>Grovpistol: .32 &#8211; .38<br>Spresialpistol og spesialrevolver:<br>Skytes p\u00e5 internasjonal duellskive<br>1 h\u00e5nd for Fin og grov <br>2 h\u00e5nd for revolver, milit\u00e6r, sp og sr. <br><br>Pr\u00f8veskuddserie: 5 skudd p\u00e5 10 sekunder<br>Konkurranseserie: 4 serier \u00e0 5 skudd, 10 sekunder<br> 4 serier \u00e0 5 skudd, 8 sekunder<br> 4 serier \u00e0 5 skudd, 6 sekunder<\/p>\n<\/div><figure class=\"wp-block-media-text__media\"><img loading=\"lazy\" decoding=\"async\" width=\"150\" height=\"150\" src=\"https:\/\/www.modumpistolklubb.no\/wp-content\/uploads\/2023\/09\/Duellskive-2.png\" alt=\"\" class=\"wp-image-851 size-full\"\/><\/figure><\/div>\n<\/div><\/div>\n\n\n\n<div class=\"wp-block-aab-accordion-block aab__accordion_container\" style=\"border:1px solid #cccccc;margin-top:0px;margin-bottom:15px;border-radius:0px\"><div class=\"aab__accordion_head aab_right_icon\" data-active=\"false\" style=\"color:#333333;background-color:transparent;padding:10px 15px 10px 15px\"><div class=\"aab__accordion_heading aab_right_icon\"><h4 class=\"aab__accordion_title\" style=\"margin:0;color:#333333\">VM Fin \/ Grov<\/h4><\/div><div class=\"aab__accordion_icon\" style=\"color:#333333;background-color:transparent\"><span class=\"aab__icon dashicons dashicons-plus-alt2\"><\/span><\/div><\/div><div class=\"aab__accordion_body \" role=\"region\" style=\"background-color:transparent;border-top:1px solid #cccccc;padding:10px 15px 10px 15px\">\n<p>Det skytes 60 skudd fordelt p\u00e5 30 presisjon og 30 duell i serier p\u00e5 5 skudd.<br>Finpistol: .22, maks vekt 1400g, min. avtrekksvekt: 1000g<br>Grovpistol: .32 &#8211; .38, maks vekt 1400g, min. avtrekksvekt: 1000g<\/p>\n\n\n\n<div class=\"wp-block-media-text alignwide is-stacked-on-mobile\" style=\"grid-template-columns:32% auto\"><figure class=\"wp-block-media-text__media\"><img loading=\"lazy\" decoding=\"async\" width=\"304\" height=\"150\" src=\"https:\/\/www.modumpistolklubb.no\/wp-content\/uploads\/2023\/09\/pressogduell.png\" alt=\"\" class=\"wp-image-859 size-full\" srcset=\"https:\/\/www.modumpistolklubb.no\/wp-content\/uploads\/2023\/09\/pressogduell.png 304w, https:\/\/www.modumpistolklubb.no\/wp-content\/uploads\/2023\/09\/pressogduell-300x148.png 300w\" sizes=\"auto, (max-width: 304px) 100vw, 304px\" \/><\/figure><div class=\"wp-block-media-text__content\">\n<p><strong>Pr\u00f8veserie<\/strong>: 5 skudd p\u00e5 300 sekunder (5 minutter)<br>Konkurranseserier: <br><strong>Presisjon: <\/strong>6 serier \u00e0 5 skudd, 300 sek per serie<br><strong>Duell: <\/strong>6 serier \u00e0 5 skudd. 1 skudd per visning av skive. Skive vises 3 sekunder, borte 7 sekunder. Utgangsstilling 45 grader mellom hver visning. <\/p>\n<\/div><\/div>\n<\/div><\/div>\n\n\n\n<div class=\"wp-block-aab-accordion-block aab__accordion_container\" style=\"border:1px solid #cccccc;margin-top:0px;margin-bottom:15px;border-radius:0px\"><div class=\"aab__accordion_head aab_right_icon\" data-active=\"false\" style=\"color:#333333;background-color:transparent;padding:10px 15px 10px 15px\"><div class=\"aab__accordion_heading aab_right_icon\"><h4 class=\"aab__accordion_title\" style=\"margin:0;color:#333333\">T96 Kr\u00e5kefelt<\/h4><\/div><div class=\"aab__accordion_icon\" style=\"color:#333333;background-color:transparent\"><span class=\"aab__icon dashicons dashicons-plus-alt2\"><\/span><\/div><\/div><div class=\"aab__accordion_body \" role=\"region\" style=\"background-color:transparent;border-top:1px solid #cccccc;padding:10px 15px 10px 15px\">\n<p><\/p>\n\n\n\n<div class=\"wp-block-media-text alignwide is-stacked-on-mobile\" style=\"grid-template-columns:21% auto\"><figure class=\"wp-block-media-text__media\"><img loading=\"lazy\" decoding=\"async\" width=\"225\" height=\"225\" src=\"https:\/\/www.modumpistolklubb.no\/wp-content\/uploads\/2023\/09\/t96.jpg\" alt=\"\" class=\"wp-image-862 size-full\" srcset=\"https:\/\/www.modumpistolklubb.no\/wp-content\/uploads\/2023\/09\/t96.jpg 225w, https:\/\/www.modumpistolklubb.no\/wp-content\/uploads\/2023\/09\/t96-150x150.jpg 150w\" sizes=\"auto, (max-width: 225px) 100vw, 225px\" \/><\/figure><div class=\"wp-block-media-text__content\">\n<p>Skytes p\u00e5 11, 17 og 25 meters avstand. Skytes p\u00e5 kr\u00e5kefeltskive.<br>V\u00e5penspesifkasjonene er det samme som i felt.<br>Det skytes opptil 96 skudd.<br>Poeng for treff, skive og innersone.<\/p>\n\n\n\n<p><\/p>\n<\/div><\/div>\n\n\n\n<p>Skyteavstand 11 meter:<\/p>\n\n\n\n<figure class=\"wp-block-table is-style-stripes\"><table class=\"has-fixed-layout\"><tbody><tr><td>Serie<\/td><td>Avstand<\/td><td>Skytetid<\/td><td>Stilling<\/td><\/tr><tr><td>1<\/td><td>11 meter<\/td><td>150 sekunder<\/td><td>St\u00e5ende fri<\/td><\/tr><tr><td>2<\/td><td>11 meter<\/td><td>150 sekunder<\/td><td>St\u00e5ende 1 h\u00e5nd<\/td><\/tr><tr><td>3<\/td><td>11 meter<\/td><td>20 sekunder<\/td><td>St\u00e5ende fri<\/td><\/tr><tr><td>4<\/td><td>11 meter<\/td><td>20 sekunder<\/td><td>St\u00e5ende 1 h\u00e5nd<\/td><\/tr><tr><td>5<\/td><td>11 meter<\/td><td>10 sekunder<\/td><td>St\u00e5ende fri<\/td><\/tr><tr><td>6<\/td><td>11 meter<\/td><td>10 sekunder<\/td><td>St\u00e5ende 1 h\u00e5nd<\/td><\/tr><tr><td>7<\/td><td>15 meter<\/td><td>150 sekunder<\/td><td>St\u00e5ende fri<\/td><\/tr><tr><td>8<\/td><td>15 meter<\/td><td>150 sekunder<\/td><td>St\u00e5ende 1 h\u00e5nd<\/td><\/tr><tr><td>9<\/td><td>15 meter<\/td><td>20 sekunder<\/td><td>St\u00e5ende fri<\/td><\/tr><tr><td>10<\/td><td>15 meter<\/td><td>20 sekunder<\/td><td>St\u00e5ende 1 h\u00e5nd<\/td><\/tr><tr><td>11<\/td><td>15 meter<\/td><td>10 sekunder<\/td><td>St\u00e5ende fri<\/td><\/tr><tr><td>12<\/td><td>15 meter<\/td><td>10 sekunder<\/td><td>St\u00e5ende 1 h\u00e5nd<\/td><\/tr><tr><td>13<\/td><td>25 meter<\/td><td>150 sekunder<\/td><td>St\u00e5ende fri<\/td><\/tr><tr><td>14<\/td><td>25 meter<\/td><td>150 sekunder<\/td><td>St\u00e5ende fri<\/td><\/tr><tr><td>15<\/td><td>25 meter<\/td><td>20 sekunder<\/td><td>St\u00e5ende fri<\/td><\/tr><tr><td>16 <\/td><td>25 meter<\/td><td>20 sekunder<\/td><td>St\u00e5ende fri<\/td><\/tr><\/tbody><\/table><\/figure>\n\n\n\n<div class=\"wp-block-aab-accordion-block aab__accordion_container\" style=\"border:1px solid #cccccc;margin-top:0px;margin-bottom:15px;border-radius:0px\"><div class=\"aab__accordion_head aab_right_icon\" data-active=\"false\" style=\"color:#333333;background-color:transparent;padding:10px 15px 10px 15px\"><div class=\"aab__accordion_heading aab_right_icon\"><h4 class=\"aab__accordion_title\" style=\"margin:0;color:#333333\">V\u00e5penspesifikasjoner<\/h4><\/div><div class=\"aab__accordion_icon\" style=\"color:#333333;background-color:transparent\"><span class=\"aab__icon dashicons dashicons-plus-alt2\"><\/span><\/div><\/div><div class=\"aab__accordion_body \" role=\"region\" style=\"background-color:transparent;border-top:1px solid #cccccc;padding:10px 15px 10px 15px\">\n<figure class=\"wp-block-table is-style-stripes\"><table><tbody><tr><td><strong>V\u00e5pen<\/strong><\/td><td><strong>Kaliber<\/strong><\/td><td><strong>Vekt<\/strong><\/td><td><strong>L\u00f8pslengde<\/strong><\/td><td><strong>Sikteradius<\/strong><\/td><td>M\u00e5l (Kasse)<\/td><td>Faktor<\/td><\/tr><tr><td>Fin<\/td><td>.22<\/td><td>\u2264 1 400g<\/td><td>\u2264 153 mm<\/td><td>\u2264 220 mm<\/td><td>300x150x50<\/td><td>&#8211;<\/td><\/tr><tr><td>Grov<\/td><td>.30-.38<\/td><td>\u2264 1 400g<\/td><td>\u2264 153 mm<\/td><td>\u2264 220 mm<\/td><td>300x150x50<\/td><td>&#8211;<\/td><\/tr><tr><td>Milit\u00e6r*1<\/td><td>9 &#8211; 11,56mm<\/td><td>\u2264 1 400g<\/td><td>\u2264 153 mm<\/td><td>\u2264 220 mm<\/td><td>300x150x50<\/td><td>\u2265 120<\/td><\/tr><tr><td>Revolver<\/td><td>9 &#8211; 11,56mm<\/td><td>&#8211;<\/td><td>&#8211;<\/td><td>&#8211;<\/td><td>&#8211;<\/td><td>&#8211;<\/td><\/tr><tr><td>SP<\/td><td>5,6 -11,56 mm<\/td><td>\u2264 800 g<\/td><td>&#8211;<\/td><td>&#8211;<\/td><td>185x125x35<\/td><td>&#8211;<\/td><\/tr><tr><td>SR<\/td><td>5,6 -11,56 mm<\/td><td>\u2264 1000 g<\/td><td>&#8211;<\/td><td>&#8211;<\/td><td>200x150x40<\/td><td>&#8211;<\/td><\/tr><tr><td>Mag1*2<\/td><td>.357 &#8211; .40<\/td><td>&#8211;<\/td><td>&#8211;<\/td><td>&#8211;<\/td><td>&#8211;<\/td><td>\u2265 180<\/td><\/tr><tr><td>Mag2*3<\/td><td>.41-.505<\/td><td>&#8211;<\/td><td>&#8211;<\/td><td>&#8211;<\/td><td>&#8211;<\/td><td>\u2265 275<\/td><\/tr><\/tbody><\/table><\/figure>\n\n\n\n<p>*1: Milit\u00e6r:<br>&#8211; Fingergrep i forkant av skjeftet tillates.<br>&#8211; Prosjektilet skal stikke minimum 5 mm utenfor hylsekant, og veie minimum 100,0<br>grain<br>&#8211; Tiln\u00e6rmet like skjefteplater<br>&#8211; Kun pistol tillatt. Ikke revoler<br><br>*2: Magnum 1:<br>&#8211; Minste hylselengde for ammunisjon: 25mm<br>&#8211; Minste kulevekt: 140grs<br><br>*3: Magnum 2:<br>&#8211; Minste kulevekt: 210 grs<\/p>\n<\/div><\/div>\n<\/div><\/div>\n\n\n\n<div class=\"wp-block-aab-accordion-block aab__accordion_container\" style=\"border:1px solid #cccccc;margin-top:0px;margin-bottom:15px;border-radius:0px\"><div class=\"aab__accordion_head aab_right_icon\" data-active=\"false\" style=\"color:#333333;background-color:transparent;padding:10px 15px 10px 15px\"><div class=\"aab__accordion_heading aab_right_icon\"><h4 class=\"aab__accordion_title\" style=\"margin:0;color:#333333\">Norgesfelt<\/h4><\/div><div class=\"aab__accordion_icon\" style=\"color:#333333;background-color:transparent\"><span class=\"aab__icon dashicons dashicons-plus-alt2\"><\/span><\/div><\/div><div class=\"aab__accordion_body \" role=\"region\" style=\"background-color:transparent;border-top:1px solid #cccccc;padding:10px 15px 10px 15px\">\n<p>Norgesfelt er en komprimert feltl\u00f8ype som f\u00e5r plass p\u00e5 en 25 meters bane. <br>Skyteavstanden er p\u00e5 15 og 25 meter, og skytetiden er 10 sekunder for alle. <br>P\u00e5 banen v\u00e5res er det plass til 2 skyttere per lag. <br><br><\/p>\n\n\n\n<figure class=\"wp-block-table is-style-stripes\"><table><tbody><tr><td><strong>V\u00e5pen<\/strong><\/td><td><strong>Kaliber<\/strong><\/td><td><strong>Vekt<\/strong><\/td><td><strong>L\u00f8pslengde<\/strong><\/td><td><strong>Sikteradius<\/strong><\/td><td>M\u00e5l (Kasse)<\/td><td>Faktor<\/td><\/tr><tr><td>Fin<\/td><td>.22<\/td><td>\u2264 1 400g<\/td><td>\u2264 153 mm<\/td><td>\u2264 220 mm<\/td><td>300x150x50<\/td><td>&#8211;<\/td><\/tr><tr><td>Grov<\/td><td>.30-.38<\/td><td>\u2264 1 400g<\/td><td>\u2264 153 mm<\/td><td>\u2264 220 mm<\/td><td>300x150x50<\/td><td>&#8211;<\/td><\/tr><tr><td>Milit\u00e6r*1<\/td><td>9 &#8211; 11,56mm<\/td><td>\u2264 1 400g<\/td><td>\u2264 153 mm<\/td><td>\u2264 220 mm<\/td><td>300x150x50<\/td><td>\u2265 120<\/td><\/tr><tr><td>Revolver<\/td><td>9 &#8211; 11,56mm<\/td><td>&#8211;<\/td><td>&#8211;<\/td><td>&#8211;<\/td><td>&#8211;<\/td><td>&#8211;<\/td><\/tr><tr><td>SP<\/td><td>5,6 -11,56 mm<\/td><td>\u2264 800 g<\/td><td>&#8211;<\/td><td>&#8211;<\/td><td>185x125x35<\/td><td>&#8211;<\/td><\/tr><tr><td>SR<\/td><td>5,6 -11,56 mm<\/td><td>\u2264 1000 g<\/td><td>&#8211;<\/td><td>&#8211;<\/td><td>200x150x40<\/td><td>&#8211;<\/td><\/tr><\/tbody><\/table><\/figure>\n\n\n\n<p>*1: Milit\u00e6r:<br>&#8211; Fingergrep i forkant av skjeftet tillates.<br>&#8211; Prosjektilet skal stikke minimum 5 mm utenfor hylsekant, og veie minimum 100,0<br>grain<br>&#8211; Tiln\u00e6rmet like skjefteplater<br>&#8211; Kun pistol tillatt. Ikke revoler<\/p>\n<\/div><\/div>\n","protected":false},"excerpt":{"rendered":"","protected":false},"author":1,"featured_media":0,"parent":0,"menu_order":0,"comment_status":"closed","ping_status":"closed","template":"","meta":{"footnotes":""},"class_list":["post-846","page","type-page","status-publish","hentry"],"_links":{"self":[{"href":"https:\/\/www.modumpistolklubb.no\/index.php\/wp-json\/wp\/v2\/pages\/846","targetHints":{"allow":["GET"]}}],"collection":[{"href":"https:\/\/www.modumpistolklubb.no\/index.php\/wp-json\/wp\/v2\/pages"}],"about":[{"href":"https:\/\/www.modumpistolklubb.no\/index.php\/wp-json\/wp\/v2\/types\/page"}],"author":[{"embeddable":true,"href":"https:\/\/www.modumpistolklubb.no\/index.php\/wp-json\/wp\/v2\/users\/1"}],"replies":[{"embeddable":true,"href":"https:\/\/www.modumpistolklubb.no\/index.php\/wp-json\/wp\/v2\/comments?post=846"}],"version-history":[{"count":11,"href":"https:\/\/www.modumpistolklubb.no\/index.php\/wp-json\/wp\/v2\/pages\/846\/revisions"}],"predecessor-version":[{"id":1308,"href":"https:\/\/www.modumpistolklubb.no\/index.php\/wp-json\/wp\/v2\/pages\/846\/revisions\/1308"}],"wp:attachment":[{"href":"https:\/\/www.modumpistolklubb.no\/index.php\/wp-json\/wp\/v2\/media?parent=846"}],"curies":[{"name":"wp","href":"https:\/\/api.w.org\/{rel}","templated":true}]}}