{"id":84,"date":"2021-02-27T17:16:36","date_gmt":"2021-02-27T16:16:36","guid":{"rendered":"http:\/\/modumpistolklubb.no\/?page_id=84"},"modified":"2023-10-25T11:28:02","modified_gmt":"2023-10-25T09:28:02","slug":"banen","status":"publish","type":"page","link":"https:\/\/www.modumpistolklubb.no\/index.php\/banen\/","title":{"rendered":"25-meters banen"},"content":{"rendered":"\n<p>Skytebanen ligger p\u00e5 Flannum, i samme omr\u00e5de som du finner hagleskyting og rifleskyting. <br>Om\u00e5det kalles for Flannum Skytesenter, og ligger da p\u00e5 Flannum i Vikersund.<br><br>Skivene er ogs\u00e5 godt belyst slik at det er mulig \u00e5 trene p\u00e5 vinterstid.<\/p>\n\n\n\n<div class=\"wp-block-media-text alignwide is-stacked-on-mobile\" style=\"grid-template-columns:29% auto\"><figure class=\"wp-block-media-text__media\"><img loading=\"lazy\" decoding=\"async\" width=\"1024\" height=\"898\" src=\"https:\/\/www.modumpistolklubb.no\/wp-content\/uploads\/2023\/09\/flannum-PhotoRoom-1.png-PhotoRoom-1-1024x898.png\" alt=\"\" class=\"wp-image-878 size-full\" srcset=\"https:\/\/www.modumpistolklubb.no\/wp-content\/uploads\/2023\/09\/flannum-PhotoRoom-1.png-PhotoRoom-1-1024x898.png 1024w, https:\/\/www.modumpistolklubb.no\/wp-content\/uploads\/2023\/09\/flannum-PhotoRoom-1.png-PhotoRoom-1-300x263.png 300w, https:\/\/www.modumpistolklubb.no\/wp-content\/uploads\/2023\/09\/flannum-PhotoRoom-1.png-PhotoRoom-1-768x674.png 768w, https:\/\/www.modumpistolklubb.no\/wp-content\/uploads\/2023\/09\/flannum-PhotoRoom-1.png-PhotoRoom-1.png 1280w\" sizes=\"auto, (max-width: 1024px) 100vw, 1024px\" \/><\/figure><div class=\"wp-block-media-text__content\">\n<p>Nytt skilt p\u00e5 flanumsveien. <\/p>\n<\/div><\/div>\n\n\n\n<p>Banen er en utend\u00f8rs skytebane som er \u00e5pen nesten hele \u00e5ret. <br>Det er totalt 20 standplasser, p\u00e5 25 meters banen. <br>Vi har opplegg ogs\u00e5 for norgesfelt, der skivene kan settes opp p\u00e5 f\u00e5 minutter. <\/p>\n\n\n\n<p>Vi har et automatisk luftstyrt vendeanlegg, som benyttes i sommersesongen.<br><br>Vinterstid er det lite aktivitet i forhold til p\u00e5 v\u00e5ren, sommeren og h\u00f8sten. <br>Det blir til vanlig ikke br\u00f8ytet inn til skytesenteret p\u00e5 vinteren, men om vi klarer \u00e5 holde veien oppe, fors\u00f8ker vi \u00e5 kj\u00f8re noen treninger gjennom vinteren ogs\u00e5. Er det for kaldt, holer vi oss hjemme. <br><br>P\u00e5 h\u00f8sten er anlegget belyst med 4 store lyskastere. Dette er for \u00e5 kompensere for m\u00f8rketiden, og skumringen. Dette er nytt, og vil forlenge midtuke-skytingen frem til kulda og sn\u00f8en kommer. <br><\/p>\n\n\n\n<figure class=\"wp-block-image size-large\"><img loading=\"lazy\" decoding=\"async\" width=\"960\" height=\"540\" src=\"http:\/\/modumpistolklubb.no\/wp-content\/uploads\/2021\/02\/mpk_skive.jpg\" alt=\"\" class=\"wp-image-85\" srcset=\"https:\/\/www.modumpistolklubb.no\/wp-content\/uploads\/2021\/02\/mpk_skive.jpg 960w, https:\/\/www.modumpistolklubb.no\/wp-content\/uploads\/2021\/02\/mpk_skive-300x169.jpg 300w, https:\/\/www.modumpistolklubb.no\/wp-content\/uploads\/2021\/02\/mpk_skive-768x432.jpg 768w\" sizes=\"auto, (max-width: 960px) 100vw, 960px\" \/><\/figure>\n","protected":false},"excerpt":{"rendered":"<p>Skytebanen ligger p\u00e5 Flannum, i samme omr\u00e5de som du finner hagleskyting og rifleskyting. Om\u00e5det kalles for Flannum Skytesenter, og ligger da p\u00e5 Flannum i Vikersund. &hellip; <\/p>\n","protected":false},"author":1,"featured_media":0,"parent":0,"menu_order":0,"comment_status":"closed","ping_status":"closed","template":"","meta":{"footnotes":""},"class_list":["post-84","page","type-page","status-publish","hentry"],"_links":{"self":[{"href":"https:\/\/www.modumpistolklubb.no\/index.php\/wp-json\/wp\/v2\/pages\/84","targetHints":{"allow":["GET"]}}],"collection":[{"href":"https:\/\/www.modumpistolklubb.no\/index.php\/wp-json\/wp\/v2\/pages"}],"about":[{"href":"https:\/\/www.modumpistolklubb.no\/index.php\/wp-json\/wp\/v2\/types\/page"}],"author":[{"embeddable":true,"href":"https:\/\/www.modumpistolklubb.no\/index.php\/wp-json\/wp\/v2\/users\/1"}],"replies":[{"embeddable":true,"href":"https:\/\/www.modumpistolklubb.no\/index.php\/wp-json\/wp\/v2\/comments?post=84"}],"version-history":[{"count":4,"href":"https:\/\/www.modumpistolklubb.no\/index.php\/wp-json\/wp\/v2\/pages\/84\/revisions"}],"predecessor-version":[{"id":929,"href":"https:\/\/www.modumpistolklubb.no\/index.php\/wp-json\/wp\/v2\/pages\/84\/revisions\/929"}],"wp:attachment":[{"href":"https:\/\/www.modumpistolklubb.no\/index.php\/wp-json\/wp\/v2\/media?parent=84"}],"curies":[{"name":"wp","href":"https:\/\/api.w.org\/{rel}","templated":true}]}}