{"id":619,"date":"2023-04-10T19:26:42","date_gmt":"2023-04-10T18:26:42","guid":{"rendered":"https:\/\/www.modumpistolklubb.no\/?page_id=619"},"modified":"2023-04-10T19:41:26","modified_gmt":"2023-04-10T18:41:26","slug":"erverv-av-vapen-til-sportsskyting","status":"publish","type":"page","link":"https:\/\/www.modumpistolklubb.no\/index.php\/erverv-av-vapen-til-sportsskyting\/","title":{"rendered":"Erverv av v\u00e5pen til sportsskyting"},"content":{"rendered":"\n<figure class=\"wp-block-image size-full is-resized\"><img loading=\"lazy\" decoding=\"async\" src=\"https:\/\/www.modumpistolklubb.no\/wp-content\/uploads\/2023\/04\/paragraph.jpg\" alt=\"Image by Gerd Altmann from Pixabay \" class=\"wp-image-623\" width=\"480\" height=\"197\" srcset=\"https:\/\/www.modumpistolklubb.no\/wp-content\/uploads\/2023\/04\/paragraph.jpg 640w, https:\/\/www.modumpistolklubb.no\/wp-content\/uploads\/2023\/04\/paragraph-300x123.jpg 300w\" sizes=\"auto, (max-width: 480px) 100vw, 480px\" \/><\/figure>\n\n\n\n<h3 class=\"wp-block-heading\">En liten guide til gjeldende regelverk<\/h3>\n\n\n\n<p>Det oppleves at det er en god del feiloppfatninger og misforst\u00e5elser rundt gjeldende<br>regelverk ift hva som kan erverves og hva som kreves av aktivitet og dokumentasjon.<br>Regelverk synes misfortst\u00e5tt ofte b\u00e5de av saksbehandlere , s\u00f8kere og styremedlemmer i<br>skyteklubber.<br>P\u00e5 bakgrunn av dette er det herunder fors\u00f8kt \u00e5 samle det som gjelder for oss som bedriver<br>sportsskyting med pistol og revolver under NSF.<br>Det er per 2023 fire dokumenter som i ulik grad danner regelverket rundt erverv av<br>h\u00e5ndv\u00e5pen til v\u00e5re grener:<br>&#8211; V\u00e5penloven av 2018<br>&#8211; V\u00e5penforskriften av 2021<br>&#8211; PODs Retningslinjer for behandling av saker etter v\u00e5penloven, utgitt 2022 (\u201dRundskrivet\u201d)<br>&#8211; PODs liste over godkjente skyteprogram (Skyteprogram som gir grunnlag for erverv).<\/p>\n\n\n\n<p><\/p>\n\n\n\n<h4 class=\"wp-block-heading\">Vi begynner med det helt grunnleggende, hva skal til for \u00e5 kj\u00f8pe pistol\/revolver?<\/h4>\n\n\n\n<p>Her er det aller meste greit beskrevet i v\u00e5penforskriftens \u00a74-6:<br><br><em>\u201dPolitiet kan gje l\u00f8yve til erverv og innehav av pistolar eller revolverar til sportsskyting til<br>personar som:<\/em><br><em>1.har gjennomf\u00f8rt tryggingsoppl\u00e6ring arrangert skyttarorganisasjonen,<br>2.i minst seks m\u00e5nader har vore medlem i skyttarorganisasjon som har godkjent<br>skyteprogram for den oms\u00f8kte v\u00e5pentypen, og<br>3.siste seks m\u00e5nader har gjennomf\u00f8rt 10 av skyttarorganisasjonen sine organiserte treningar<br>eller konkurransar.\u201d<\/em><br><br>Dette er jo da alt som skal til for en f\u00f8rstegangss\u00f8ker, merk dog at punkt 3 m\u00e5 etterleves ved<br>hver s\u00f8knad, helt uavhengig av hvorvidt en har v\u00e6rt medlem i pistolklubb 6m\u00e5neder eller<br>40\u00e5r, her vises det \u201drundskrivets\u201d punkt 3.2 (side 32).<br><br><em>\u201dAktivitetskravet gjelder ved den enkelte s\u00f8knad om l\u00f8yve til erverv, uavhengig av om s\u00f8keren<br>allerede innehar skytev\u00e5pen i oms\u00f8kt kategori eller innenfor samme skytterorganisasjon.<br>Aktivitetskravet gjelder \u00absiste\u00bb tidsperiode. Perioden regnes fra mottak av s\u00f8knaden og bakover i tid&raquo;<\/em><br><br>Dersom man g\u00e5r tilbake til side 31 i \u201drundskrivet\u201d er aktivitetskravet ganske omfattende<br>beskrevet:<br><\/p>\n\n\n\n<p><em>\u201dI tillegg oppstilles det krav til s\u00f8kerens aktivitet i skytterorganisasjonen. Selve \u00abaktiviteten\u00bb vil<br>normalt ut\u00f8ves i lokalt skytterlag eller pistolklubb, men den m\u00e5 v\u00e6re \u00abarrangert av<br>skytterorganisasjonen\u00bb. S\u00f8keren m\u00e5 v\u00e6re medlem av skytterorganisasjonen og et skytterlag eller<br>pistolklubb som er tilknyttet skytterorganisasjonen det skal erverves skytev\u00e5pen til. Skytterklubben<br>eller skytterlagets organiserte treninger vil tjene som \u00aborganiserte treninger arrangert av<br>skytterorganisasjonen\u00bb. Det stilles ikke krav om at den arrangerte treningen m\u00e5 knytte seg til det<br>eller de skyteprogrammer s\u00f8keren \u00f8nsker \u00e5 erverve eller inneha skytev\u00e5pen i. Skytetrening i privat<br>regi eller utenfor skytterforeningens organiserte treninger faller utenfor, og vil ikke tjene som<br>grunnlag for erverv og innehav av skytev\u00e5pen. Med \u00aborganiserte treninger\u00bb forst\u00e5s skyting p\u00e5<br>godkjent skytebane disponert av skytterforeningen iht. skytebaneinstruksen og under forsvarlig<br>skyteledelse. Med \u00abkonkurranser\u00bb forst\u00e5s skyting p\u00e5 godkjent skytebane \/ feltstevne iht.<br>skytebaneinstruksen under forsvarlig skyteledelse, og hvor det skytes programmer, utarbeides<br>resultatliste og k\u00e5res en vinner. De enkelte \u00abstarter\u00bb utgj\u00f8r de enkelte tellende \u00abkonkurranser\u00bb. Med<br>\u00ab\u00e5pne stevner\u00bb forst\u00e5s skyting p\u00e5 godkjent skytebane \/ feltstevne iht. skytebaneinstruksen under<br>forsvarlig skyteledelse, og hvor det skytes programmer, utarbeides resultatlister og k\u00e5res en vinner.<br>Det skal i tillegg v\u00e6re \u00e5pent for p\u00e5melding for skyttere utenfor skytterforeningen som arrangerer<br>stevnet. De enkelte \u00abstarter\u00bb utgj\u00f8r de enkelte tellende \u00abkonkurranser\u00bb. Med \u00abinternasjonalt<br>mesterskap\u00bb forst\u00e5s skyting hvor det k\u00e5res en mester, eksempelvis nordisk- europeisk eller<br>verdensmester. \u00c5pne internasjonale stevner eller deltakelse i andre lands nasjonale mesterskap<br>omfattes ikke. Ettersom aktivitetskravet i nytt regelverk knyttes til \u00abskytterorganisasjonens<br>organiserte treninger eller konkurranser\u00bb, inneb\u00e6rer det at dugnads- og styrearbeid i skytterforening<br>ikke anses som aktivitet. Ettersom det sentrale i aktivitetskravet er s\u00f8kerens tilknytning til<br>skytterorganisasjonen gjennom skytterforeningen, samt oppl\u00e6ring i forsvarlig v\u00e5penh\u00e5ndtering som<br>s\u00f8keren oppn\u00e5r ved ut\u00f8velsen av skytetrening, er det bare \u00abtreninger og konkurranser\u00bb som anses<br>som aktivitet etter v\u00e5penforskrifta \u00a7\u00a7 4-4, 4-6 og 4-7. Ved deltakelse i flere konkurranser samme dag<br>teller hver start som \u00e9n konkurranse. Deltakelse p\u00e5 organisert trening gir i utgangspunktet ett<br>tellende oppm\u00f8te pr. dag. Unntaket er om treningen gjennomf\u00f8res i regi av ulike<br>skytterorganisasjoner, eller at treningene foreg\u00e5r samme dag p\u00e5 ulike skytebaner. 32 Deltakelse p\u00e5<br>organiserte treninger eller konkurranser som skyteleder eller dommer likestilles med aktivitet<br>tilsvarende oppm\u00f8te som skytter.\u201d<\/em><\/p>\n\n\n\n<h3 class=\"wp-block-heading\">Dette var det grunnleggende, s\u00e5 hvilke v\u00e5pen kan man erverve, og til hvilke program?<\/h3>\n\n\n\n<p><strong>Vi kan begynne med \u00e5 se p\u00e5 v\u00e5penforskriftens \u00a74-8:<\/strong><br><br><em>\u201dPolitiet kan gje l\u00f8yve til erverv og innehav av eitt komplett skytev\u00e5pen, samt v\u00e5pendelar til desse<br>skytev\u00e5pena, for kvart godkjent skyteprogram\u201d<\/em><\/p>\n\n\n\n<p>Dette finner vi n\u00e6rmere beskrevet i \u201drundskrivet\u201d, Punkt 3.2.1 (side32):<br><br>\u201dPolitiet kan gi l\u00f8yve for ett komplett skytev\u00e5pen til hvert av de godkjente skytterforbundenes<br>program som s\u00f8keren har dokumentert medlemskap og aktivitet for, jf. v\u00e5penforskriften \u00a7 4-8.<br>Bestemmelsen i tidligere v\u00e5penforskrift \u00a7 13 tredje og fjerde ledd, er ikke videref\u00f8rt. Dette inneb\u00e6rer<br>at en s\u00f8ker som allerede har ervervet skytev\u00e5pen til ett program kan f\u00e5 innvilget tilsvarende<br>skytev\u00e5pen dersom s\u00f8knaden gjelder et annet program.\u201d<br><br>Under f\u00f8lger PODs liste over godkjente program for pistol og revolver og en enkel<br>beskrivelse ift hvilke v\u00e5pen som lovlig kan benyttes til og erveres for ut\u00f8velse av disse:<br><br><\/p>\n\n\n\n<p><strong>STANDARDPISTOL <\/strong>: Pistol eller revolver i kaliber 22 som faller innenfor reglement for<br>\u00f8velsen<br><br><strong>25m FINPISTOL: <\/strong>Samme som over<br><br><strong>25m Silhuettpistol: <\/strong>Samme som over<br><br><strong>FRIPISTOL: <\/strong>En kan her benytte samme v\u00e5pen som til \u00f8velsene over, men ogs\u00e5<br>enkeltskuddspistoler, det er ogs\u00e5 andre regler ift m\u00e5l og vekt etc.<br><br><strong>25m GROVPISTOL:<\/strong> Pistol eller revolver i kaliber 7,62mm opp til kaliber 9,65mm som faller<br>innenfor reglementet for \u00f8velsen<br><br><strong>HURTIG GROV:<\/strong> Samme som over<br><br><strong>FINFELT:<\/strong> Pistol eller revolver i kaliber 22 som faller innenfor reglement for \u00f8velsen<br><br><strong>GROVFELT: <\/strong>Pistol eller revolver i kaliber 7,62mm opp til kaliber 9,65mm som faller innenfor<br>reglementet for \u00f8velsen.<br><br><strong>MILIT\u00c6RFELT:<\/strong> Pistol, kaliber 9mm til 11,65mm som faller innenfor reglement for \u00f8velsen.<br><br><strong>REVOLVERFELT:<\/strong> Revolver, kaliber 9mm til 11,65mm som faller innenfor reglement for<br>\u00f8velsen.<br><br><strong>MAGNUM1: <\/strong>Pistol eller revolver fra kaliber .357 til kaliber .409 som faller innenfor<br>reglement for \u00f8velsen.<br><br><strong>MAGNUM2:<\/strong> Pistol eller revolver fra kaliber .410 til kaliber .505 som faller innenfor<br>reglement for \u00f8velsen, merk for \u00f8vrig at kaliber som 50AE og 500s&amp;w lovlig kan erverves<br>etter n\u00e5v\u00e6rende regelverk.<br><br><strong>SPESIALPISTOL: <\/strong>Pistol i Kaliber 22 til kaliber 45 som g\u00e5r i m\u00e5lekasse (185x125x35) Vekt uladd<br>v\u00e5pen maks 800gram.<br><br><strong>SPESIALREVOLVER:<\/strong> Revolver kaliber 22 til Kaliber 45 som g\u00e5r i m\u00e5lekasse (200x150x40) Vekt<br>uladd 1000gram.<\/p>\n\n\n\n<p><strong>PPC1500: <\/strong>PPC1500 har 4godkjente skyteprogram som gir grunnlag for erverv, 2for pistol og 2<br>for revolver, merk dog at en m\u00e5 ta et eget godkjenningskurs for \u00e5 delta i PPC1500, hvilke<br>v\u00e5pen som lovlig kan benyttes i PPC 1500 er utf\u00f8rlig beskrevet i konkuransereglementet .<br>PPC 1500 synes dessverre \u00e5 ha f\u00e5tt en ganske beskjeden utf\u00f8relse i Norge, jeg har derfor ikke<br>beskrevet disse ytterligere .<br><\/p>\n\n\n\n<p>En ganske vanlig misforst\u00e5else som knytter seg til det n\u00e5 utdaterte \u201dv\u00e5penkompendiet\u201d er<br>rundt 9mm pistol til grovklassene, kompendiet fors\u00f8kte uten hjemmel i lov eller forskrift \u00e5<br>fordre at kun \u201dbanev\u00e5pen\u201d i kaliber 32 S&amp;W long skulle godkjennes til grovklassene.<br>Avslag p\u00e5 9mm pistol som ble gitt p\u00e5 bakgrunn av kompendiet ble nesten uten unntak<br>omst\u00f8tt ved klage da disse ikke kunne hjemles i lov eller forkrift.<br>I n\u00e5v\u00e6rende rundskriv kan en lese f\u00f8lgende i punkt 3.2.6 (side 34):<br><\/p>\n\n\n\n<p><em>\u201dTidligere regel om skytev\u00e5penets \u00abegnethet\u00bb til det opplyste bruksomr\u00e5de videref\u00f8res ikke. Dette<br>medf\u00f8rer at tidligere praksis om ikke \u00e5 tillate erverv av pistol kaliber 9mm til grovfelt er opphevet.<br>Avgj\u00f8rende er skytterorganisasjonens godkjente tekniske reglement.\u201d<\/em><\/p>\n\n\n\n<p>Det kan avslutningsvis legges til at n\u00e6r sagt alle 9mm pistoler i ordin\u00e6rt salg faller innenfor<br>v\u00e5penspesifikasjonene i reglementet for grovpistol.<br><br><strong>Vedr\u00f8rende v\u00e5pendeler\/ ombygningssett:<\/strong><br><br>En del v\u00e5pen kan bygges om f.eks fra kaliber 22 til kaliber 32 slik at samme v\u00e5pen lovlig kan<br>benyttes til flere skyteprogram, p\u00e5 samme m\u00e5te kan en del grovkalibrede bygges om f.eks<br>fra kaliber 9mm til kaliber 40S&amp;W ved skifte av sleide\/l\u00f8p (et ganske vanlig begrep som<br>brukes om disse v\u00e5pendelene er \u201dtopp\u201d)<br>Det er ogs\u00e5 mulig \u00e5 erverve ombygningssett til kaliber 22lr til en rekke typiske<br>\u201dmilit\u00e6rpistoler\u201d .<\/p>\n\n\n\n<p>Etter n\u00e5v\u00e6rende regelverk er slike \u201dombygningssett\u201d ikke behovspr\u00f8vd, det vil si at dersom<br>en allerede har et komplett v\u00e5pen og \u00f8nsker \u00e5 erverve et ombygningssett til annet kaliber s\u00e5<br>er det ikke noe krav ift \u00e5 dokumentere aktivitet .<br>En m\u00e5 nok dog p\u00e5regne \u00e5 dokumentere tilknytning til godkjent klubb\/skytterorganisasjon.<br>Dette fremg\u00e5r i v\u00e5penrundskrivets punkt 3.2.3 (side33).<\/p>\n\n\n\n<p><em>Ombyggingssett kan erverves til de skytev\u00e5pen s\u00f8keren innehar l\u00f8yve for uten ytterligere<br>behovspr\u00f8ving. Behovet avledes fra det allerede ervervede komplette skytev\u00e5pen. Erverv av<br>ombyggingssett inneholdende l\u00f8yvepliktige v\u00e5pendeler er s\u00f8knadspliktige.\u201d<\/em><\/p>\n\n\n\n<p>Dersom en vil erverve reservepipe eller revolvert\u00f8nne kan dette gj\u00f8res uten s\u00f8knad hos<br>autorisert forhandler, dette forutsetter at pipe er i samme kaliber. Dette fremg\u00e5r av<br>v\u00e5penforskriftens \u00a72-4, og er n\u00e6rmere beskrevet i \u201drundskrivet\u201d punkt 3.4 (side 37).<br><\/p>\n\n\n\n<p><strong>Reservev\u00e5pen:<\/strong><br>Dersom en har v\u00e5pen godkjent til et program fra tidligere er det likevel mulig \u00e5 erverve et<br>tilleggsv\u00e5pen (reservev\u00e5pen) til det samme skyteprogrammet.<br>Ved s\u00f8knad om tilleggsv\u00e5pen m\u00e5 en dokumentere tilstrekkelig med konkurranseaktivitet<br>innen det enkelte skyteprogram som man \u00f8nsker \u00e5 erverve tilleggv\u00e5pen til.<br>Vilk\u00e5rene for erverv av tilleggsv\u00e5pen finner en beskrevet under v\u00e5penforskriftens \u00a74-8:<br><br><em>\u201d Politiet kan likevel gje l\u00f8yve til erverv og innehav av inntil to komplette skytev\u00e5pen til eit godkjent<br>skyteprogram (reservev\u00e5pen) til personer som det siste \u00e5ret:<br>1.har gjennomf\u00f8rt minst 10 konkurransar i det aktuelle skyteprogrammet, der fem av desse er opne<br>skytestemner, eller<br>2.har teke del i internasjonale meisterskap\u201d<\/em><br><br><strong>Hva kan ikke erverves til sportsskyting under NSF?<\/strong><br><br>&#8211; Magasiner for pistol med kapasitet over 20 skudd, ref v\u00e5penforskriften \u00a72-5.<br>&#8211; Pistoler i kaliber 4,6x30mm eller 5,7x28mm, ref v\u00e5penforskriften \u00a73-1.<br>&#8211; Halvautomatiske pistoler som kan brukes som toh\u00e5ndsv\u00e5pen, dvs det er ikke lov \u00e5 modifisere<br>pistoler med kolber, frontgrep, l\u00f8psforlengere etc slik at disse blir et \u201dgev\u00e6r\u201d. Ref<br>v\u00e5penforskriften : \u00a73-4<br><br><strong>Hva skal f\u00f8lge med n\u00e5r en leverer en v\u00e5pens\u00f8knad:<\/strong><\/p>\n\n\n\n<figure class=\"wp-block-image size-full is-resized\"><img loading=\"lazy\" decoding=\"async\" src=\"https:\/\/www.modumpistolklubb.no\/wp-content\/uploads\/2023\/04\/paperwork.jpg\" alt=\"\" class=\"wp-image-621\" width=\"160\" height=\"125\" srcset=\"https:\/\/www.modumpistolklubb.no\/wp-content\/uploads\/2023\/04\/paperwork.jpg 640w, https:\/\/www.modumpistolklubb.no\/wp-content\/uploads\/2023\/04\/paperwork-300x234.jpg 300w\" sizes=\"auto, (max-width: 160px) 100vw, 160px\" \/><\/figure>\n\n\n\n<p>&#8211; V\u00e5pens\u00f8knad p\u00e5 papirskjema, med p\u00e5tegning for bruksomer\u00e5de til oms\u00f8kt v\u00e5pen,<br>v\u00e5pentype og kaliber.<br>&#8211; Dokumentasjon p\u00e5 tilknytning til godkjent skytterorganisasjon (medlemskort).<br>&#8211; Dokumentasjon p\u00e5 sikkerhetskurs (gjelder f\u00f8rstegangss\u00f8kere)<br>&#8211; Dokumentasjon p\u00e5 v\u00e5penskap (gjelder f\u00f8rstegangss\u00f8kere)<br>&#8211; Dokumentasjon p\u00e5 n\u00f8dvendig aktivitet: Resultatlister fra stevner, bekreftelse p\u00e5 oppm\u00f8te<br>ved organiserte treninger.<br>&#8211; Kopi av gyldig legitimasjon<br><br><strong>Aktivitet for fortsatt tillatelse:<\/strong><br><br>For fortsatt innehav kreves det dokumnenterbar aktivitet , aktivitetskravet som beskrives i<br>rundskrivet er som f\u00f8lger(side81):<br><em>\u201dDokumentert deltakelse p\u00e5 minst 3 organiserte treninger eller konkurranser i l\u00f8pet av de siste 5 \u00e5r.<br>Kravet gjelder for v\u00e5pentypen (gruppe skytev\u00e5pen i den enkelte skytterorganisasjon) og aktiviteten<br>m\u00e5 v\u00e6re i skytterorganisasjonen som begrunnet ervervet. \u201d<\/em><br><br><strong>For reservev\u00e5pen kreves noe ytterligere aktivitet:<\/strong><br><br><em>\u201dDokumentert deltakelse p\u00e5 minst 1 internasjonalt mesterskap eller minst 3 konkurranser hvorav<br>minst 1 konkurranse er \u00e5pent skytestevne. Aktivitetskravet (startene) skal utf\u00f8res i bruksomr\u00e5det til<br>det enkelte reservev\u00e5pen\u201d<\/em><br><br><strong>Arv av pistol\/revolver:<\/strong><br><br>Kanskje kommer en i en situasjon der en arver v\u00e5pen, i dette tilfelle kan inntil 3 v\u00e5pen<br>registreres med affeksjon som bruksomr\u00e5de , dette gjelder arv i direkte nedad eller<br>oppadg\u00e5ende linje, og forutsetter at en eier h\u00e5ndv\u00e5pen fra f\u00f8r.<br>V\u00e5pen som er registrert som affeksjonsv\u00e5pen kan lovlig benyttes til konkuranse\/trening.<\/p>\n\n\n\n<h2 class=\"wp-block-heading\">Nyttige linker<\/h2>\n\n\n\n<p><br>V\u00e5penloven:<br><a rel=\"noreferrer noopener\" href=\"https:\/\/ lovdata.no\/dokument\/NL\/lov\/2018-04-20-7\" target=\"_blank\">https:\/\/ lovdata.no\/dokument\/NL\/lov\/2018-04-20-7<\/a><br>V\u00e5penforskriften:<br><a rel=\"noreferrer noopener\" href=\"https:\/\/lovdata.no\/dokument\/SF\/forskrift\/2021-05-07-1452\" target=\"_blank\">https:\/\/lovdata.no\/dokument\/SF\/forskrift\/2021-05-07-1452<\/a><br>Rundskrivet:<br><a rel=\"noreferrer noopener\" href=\"https:\/\/www.skyting.no\/wp-content\/uploads\/2022\/12\/rundskriv-2022-008.pdf\" target=\"_blank\">https:\/\/www.skyting.no\/wp-content\/uploads\/2022\/12\/rundskriv-2022-008.pdf<\/a><br>Liste over godkjente skyteprogram:<br><a rel=\"noreferrer noopener\" href=\"https:\/\/www.politiet.no\/tjenester\/vapen\/lover-og-regler-om-vapen\/#Godkjente-skytterorganisasjoner-og-programmer\" target=\"_blank\">https:\/\/www.politiet.no\/tjenester\/vapen\/lover-og-regler-om-vapen\/#Godkjente-skytterorganisasjoner-og-programmer<\/a><br>ISSF og NSF regler:<br><a rel=\"noreferrer noopener\" href=\"https:\/\/www.skyting.no\/lover-og-regler\/konkurransereglement\/\" target=\"_blank\">https:\/\/www.skyting.no\/lover-og-regler\/konkurransereglement\/<\/a><br><br>Avslutningsvis h\u00e5pes det at dette oppleves som en nyttig samnfatning av et ganske<br>omfattende regelverk.<br><br><strong>Skitt skyting!<\/strong><\/p>\n","protected":false},"excerpt":{"rendered":"<p>En liten guide til gjeldende regelverk Det oppleves at det er en god del feiloppfatninger og misforst\u00e5elser rundt gjeldenderegelverk ift hva som kan erverves og &hellip; <\/p>\n","protected":false},"author":1,"featured_media":0,"parent":0,"menu_order":0,"comment_status":"closed","ping_status":"closed","template":"","meta":{"footnotes":""},"class_list":["post-619","page","type-page","status-publish","hentry"],"_links":{"self":[{"href":"https:\/\/www.modumpistolklubb.no\/index.php\/wp-json\/wp\/v2\/pages\/619","targetHints":{"allow":["GET"]}}],"collection":[{"href":"https:\/\/www.modumpistolklubb.no\/index.php\/wp-json\/wp\/v2\/pages"}],"about":[{"href":"https:\/\/www.modumpistolklubb.no\/index.php\/wp-json\/wp\/v2\/types\/page"}],"author":[{"embeddable":true,"href":"https:\/\/www.modumpistolklubb.no\/index.php\/wp-json\/wp\/v2\/users\/1"}],"replies":[{"embeddable":true,"href":"https:\/\/www.modumpistolklubb.no\/index.php\/wp-json\/wp\/v2\/comments?post=619"}],"version-history":[{"count":3,"href":"https:\/\/www.modumpistolklubb.no\/index.php\/wp-json\/wp\/v2\/pages\/619\/revisions"}],"predecessor-version":[{"id":627,"href":"https:\/\/www.modumpistolklubb.no\/index.php\/wp-json\/wp\/v2\/pages\/619\/revisions\/627"}],"wp:attachment":[{"href":"https:\/\/www.modumpistolklubb.no\/index.php\/wp-json\/wp\/v2\/media?parent=619"}],"curies":[{"name":"wp","href":"https:\/\/api.w.org\/{rel}","templated":true}]}}