{"id":567,"date":"2023-03-13T22:02:32","date_gmt":"2023-03-13T21:02:32","guid":{"rendered":"https:\/\/www.modumpistolklubb.no\/?page_id=567"},"modified":"2023-03-13T22:12:18","modified_gmt":"2023-03-13T21:12:18","slug":"privacy-policy-2","status":"publish","type":"page","link":"https:\/\/www.modumpistolklubb.no\/index.php\/privacy-policy-2\/","title":{"rendered":"Privacy Policy"},"content":{"rendered":"\n<p class=\"has-small-font-size\">Vi bruker cookies for \u00e5 samle inn informasjon om bes\u00f8kende. <br>Det kan v\u00e6re Navn, E-post adresse, telefonnr o.l. <br>Vi samler inn denne informasjonen via registreringskjema for events, kontaktskjema og skjema for bestilling av klubbt\u00f8y. <br>Ingenting av disse dataene blir lagret p\u00e5 selve nettsiden, kun sendt p\u00e5 e-post til oss n\u00e5r et skjema sendes inn. <br>Vi selger ikke informasjonen videre til andre. <br>For mer informasjon, kontakt sekretar[at]modumpisolklubb.no<br><\/p>\n","protected":false},"excerpt":{"rendered":"<p>Vi bruker cookies for \u00e5 samle inn informasjon om bes\u00f8kende. Det kan v\u00e6re Navn, E-post adresse, telefonnr o.l. Vi samler inn denne informasjonen via registreringskjema &hellip; <\/p>\n","protected":false},"author":1,"featured_media":568,"parent":0,"menu_order":0,"comment_status":"closed","ping_status":"closed","template":"","meta":{"footnotes":""},"class_list":["post-567","page","type-page","status-publish","has-post-thumbnail","hentry"],"_links":{"self":[{"href":"https:\/\/www.modumpistolklubb.no\/index.php\/wp-json\/wp\/v2\/pages\/567","targetHints":{"allow":["GET"]}}],"collection":[{"href":"https:\/\/www.modumpistolklubb.no\/index.php\/wp-json\/wp\/v2\/pages"}],"about":[{"href":"https:\/\/www.modumpistolklubb.no\/index.php\/wp-json\/wp\/v2\/types\/page"}],"author":[{"embeddable":true,"href":"https:\/\/www.modumpistolklubb.no\/index.php\/wp-json\/wp\/v2\/users\/1"}],"replies":[{"embeddable":true,"href":"https:\/\/www.modumpistolklubb.no\/index.php\/wp-json\/wp\/v2\/comments?post=567"}],"version-history":[{"count":3,"href":"https:\/\/www.modumpistolklubb.no\/index.php\/wp-json\/wp\/v2\/pages\/567\/revisions"}],"predecessor-version":[{"id":571,"href":"https:\/\/www.modumpistolklubb.no\/index.php\/wp-json\/wp\/v2\/pages\/567\/revisions\/571"}],"wp:featuredmedia":[{"embeddable":true,"href":"https:\/\/www.modumpistolklubb.no\/index.php\/wp-json\/wp\/v2\/media\/568"}],"wp:attachment":[{"href":"https:\/\/www.modumpistolklubb.no\/index.php\/wp-json\/wp\/v2\/media?parent=567"}],"curies":[{"name":"wp","href":"https:\/\/api.w.org\/{rel}","templated":true}]}}