{"id":557,"date":"2023-03-13T21:27:37","date_gmt":"2023-03-13T20:27:37","guid":{"rendered":"https:\/\/www.modumpistolklubb.no\/?page_id=557"},"modified":"2023-03-13T21:27:37","modified_gmt":"2023-03-13T20:27:37","slug":"godkjente-vapenprogram","status":"publish","type":"page","link":"https:\/\/www.modumpistolklubb.no\/index.php\/godkjente-vapenprogram\/","title":{"rendered":"Godkjente v\u00e5penprogram"},"content":{"rendered":"\n<p>F\u00f8lgende godkjente v\u00e5penprogram kan du s\u00f8ke om v\u00e5pen til:<br><\/p>\n\n\n\n<ul class=\"wp-block-list\">\n<li>Standardpistol<\/li>\n\n\n\n<li>25m finpistol<\/li>\n\n\n\n<li>25m silhuettpistol<\/li>\n\n\n\n<li>Fripistol<\/li>\n\n\n\n<li>25m grovpistol<\/li>\n\n\n\n<li>Hurtig fin<\/li>\n\n\n\n<li>Hurtig grov<\/li>\n\n\n\n<li>Finfelt<\/li>\n\n\n\n<li>Grovfelt<\/li>\n\n\n\n<li>Milit\u00e6rfelt<\/li>\n\n\n\n<li>Revolverfelt<\/li>\n\n\n\n<li>Magnum 1<\/li>\n\n\n\n<li>Magnum 2<\/li>\n\n\n\n<li>Spesialpistol<\/li>\n\n\n\n<li>Spesialrevolver<\/li>\n<\/ul>\n\n\n\n<p>Kilde: <a href=\"https:\/\/www.politiet.no\/tjenester\/vapen\/lover-og-regler-om-vapen\/#Godkjente-skytterorganisasjoner-og-programmer\">Politiet.no<\/a><\/p>\n","protected":false},"excerpt":{"rendered":"<p>F\u00f8lgende godkjente v\u00e5penprogram kan du s\u00f8ke om v\u00e5pen til: Kilde: Politiet.no<\/p>\n","protected":false},"author":1,"featured_media":0,"parent":0,"menu_order":0,"comment_status":"closed","ping_status":"closed","template":"","meta":{"footnotes":""},"class_list":["post-557","page","type-page","status-publish","hentry"],"_links":{"self":[{"href":"https:\/\/www.modumpistolklubb.no\/index.php\/wp-json\/wp\/v2\/pages\/557","targetHints":{"allow":["GET"]}}],"collection":[{"href":"https:\/\/www.modumpistolklubb.no\/index.php\/wp-json\/wp\/v2\/pages"}],"about":[{"href":"https:\/\/www.modumpistolklubb.no\/index.php\/wp-json\/wp\/v2\/types\/page"}],"author":[{"embeddable":true,"href":"https:\/\/www.modumpistolklubb.no\/index.php\/wp-json\/wp\/v2\/users\/1"}],"replies":[{"embeddable":true,"href":"https:\/\/www.modumpistolklubb.no\/index.php\/wp-json\/wp\/v2\/comments?post=557"}],"version-history":[{"count":1,"href":"https:\/\/www.modumpistolklubb.no\/index.php\/wp-json\/wp\/v2\/pages\/557\/revisions"}],"predecessor-version":[{"id":559,"href":"https:\/\/www.modumpistolklubb.no\/index.php\/wp-json\/wp\/v2\/pages\/557\/revisions\/559"}],"wp:attachment":[{"href":"https:\/\/www.modumpistolklubb.no\/index.php\/wp-json\/wp\/v2\/media?parent=557"}],"curies":[{"name":"wp","href":"https:\/\/api.w.org\/{rel}","templated":true}]}}