{"id":26,"date":"2020-11-21T22:45:09","date_gmt":"2020-11-21T21:45:09","guid":{"rendered":"http:\/\/modumpistolklubb.no\/?page_id=26"},"modified":"2020-11-21T22:45:09","modified_gmt":"2020-11-21T21:45:09","slug":"om-modum-pistolklubb","status":"publish","type":"page","link":"https:\/\/www.modumpistolklubb.no\/index.php\/om-modum-pistolklubb\/","title":{"rendered":"Om Modum Pistolklubb"},"content":{"rendered":"\n<p>Modum Pistolklubb ble stiftet 26. Mai 1972.<br>Det hele begynte da de fikk leieavtale der banen ligger n\u00e5. Planleggingen av et baneanlegg var i gang.<\/p>\n\n\n\n<figure class=\"wp-block-image\"><a href=\"https:\/\/mpkqa.raanerud.com\/images\/mpk_avisoppslag_nyttklubbhus.jpg\" target=\"_blank\" rel=\"noreferrer noopener\"><img decoding=\"async\" src=\"https:\/\/mpkqa.raanerud.com\/images\/mpk_avisoppslag_nyttklubbhus.jpg\" alt=\"\"\/><\/a><\/figure>\n\n\n\n<p>Men det var dessverre lite med penger i klubben, s\u00e5 for \u00e5 finansiere klubbhus osv ble det startet opp en form for &laquo;vakt&raquo;-tjeneste. Det var nemlig store problemer i distriktet med innbrudd osv. Medlemmene kj\u00f8rte da rundt og noterte seg bilnr og andre mistenkelige ting som evt skjedde. Av de pengene de tjente p\u00e5 dette, s\u00e5 bygde de klubbhus og baneanlegg.<\/p>\n\n\n\n<figure class=\"wp-block-image\"><a href=\"https:\/\/mpkqa.raanerud.com\/images\/mpk_avisoppslag1.jpg\" target=\"_blank\" rel=\"noreferrer noopener\"><img decoding=\"async\" src=\"https:\/\/mpkqa.raanerud.com\/images\/mpk_avisoppslag1.jpg\" alt=\"\"\/><\/a><\/figure>\n\n\n\n<p>Da klubbhuset og baneanlegget stod ferdig p\u00e5 midten av 70-tallet var det et av de f\u00f8rste kompressorstyrte vendeanleggene i Norge. Anlegget gikk for \u00e5 v\u00e6re et av det flotteste i Norge p\u00e5 den tiden. Noe som ogs\u00e5 skytterne som kom \u00e5 deltok p\u00e5 stevner mente. <\/p>\n","protected":false},"excerpt":{"rendered":"<p>Modum Pistolklubb ble stiftet 26. Mai 1972.Det hele begynte da de fikk leieavtale der banen ligger n\u00e5. Planleggingen av et baneanlegg var i gang. Men &hellip; <\/p>\n","protected":false},"author":1,"featured_media":0,"parent":0,"menu_order":0,"comment_status":"closed","ping_status":"closed","template":"","meta":{"footnotes":""},"class_list":["post-26","page","type-page","status-publish","hentry"],"_links":{"self":[{"href":"https:\/\/www.modumpistolklubb.no\/index.php\/wp-json\/wp\/v2\/pages\/26","targetHints":{"allow":["GET"]}}],"collection":[{"href":"https:\/\/www.modumpistolklubb.no\/index.php\/wp-json\/wp\/v2\/pages"}],"about":[{"href":"https:\/\/www.modumpistolklubb.no\/index.php\/wp-json\/wp\/v2\/types\/page"}],"author":[{"embeddable":true,"href":"https:\/\/www.modumpistolklubb.no\/index.php\/wp-json\/wp\/v2\/users\/1"}],"replies":[{"embeddable":true,"href":"https:\/\/www.modumpistolklubb.no\/index.php\/wp-json\/wp\/v2\/comments?post=26"}],"version-history":[{"count":1,"href":"https:\/\/www.modumpistolklubb.no\/index.php\/wp-json\/wp\/v2\/pages\/26\/revisions"}],"predecessor-version":[{"id":27,"href":"https:\/\/www.modumpistolklubb.no\/index.php\/wp-json\/wp\/v2\/pages\/26\/revisions\/27"}],"wp:attachment":[{"href":"https:\/\/www.modumpistolklubb.no\/index.php\/wp-json\/wp\/v2\/media?parent=26"}],"curies":[{"name":"wp","href":"https:\/\/api.w.org\/{rel}","templated":true}]}}