{"id":243,"date":"2021-08-09T23:39:29","date_gmt":"2021-08-09T22:39:29","guid":{"rendered":"http:\/\/modumpistolklubb.no\/?page_id=243"},"modified":"2025-11-09T21:21:57","modified_gmt":"2025-11-09T19:21:57","slug":"innmelding","status":"publish","type":"page","link":"https:\/\/www.modumpistolklubb.no\/index.php\/innmelding\/","title":{"rendered":"Innmelding"},"content":{"rendered":"\n<p>Les dette f\u00f8r du melder deg inn.<br><br>1. Du m\u00e5 ikke ha skylding kontingent til tidligere idrettsforeninger, forbund o.l. Dette m\u00e5 v\u00e6re oppgjort f\u00f8r innmelding.<br>2. Er du under 18 \u00e5r m\u00e5 ogs\u00e5 en av dine foresatte melde seg inn.<br>3. Du plikter deg til \u00e5 f\u00f8lge klubbens lovverk, forbundets lovverk, og NIF sitt lovverk. <br>4. Klubben drives av frivillighet. Det er ingen ansatte i klubben som f\u00e5r betalt for treninger, arbeid, konkurranser osv. For \u00e5 ha en fungerende klubb m\u00e5 ogs\u00e5 medlemmene v\u00e6re med \u00e5 delta. <br>5. Du m\u00e5 g\u00e5 gjennom sikkerhetskurs og rekruttperiode p\u00e5 6 mnd. for \u00e5 kunne s\u00f8ke om egne v\u00e5pen om du er gammel nok. Aldersgrensene st\u00e5r til enhver tid i v\u00e5penloven. <br>6. Krav til aktivitet for \u00e5 s\u00f8ke v\u00e5pen styres ikke av Modum Pistolklubb. <br>Det er til enhver tid v\u00e5penloven som er det styrende dokument for dette. <br>7. Du er selv ansvarlig for \u00e5 skriftlig melde deg ut av klubben. Gj\u00f8r du ikke dette vil kontingenten bli sendt ut, og dette m\u00e5 gj\u00f8res opp f\u00f8r utmelding kan skje. Utmelding b\u00f8r dermed skje f\u00f8r siste dag i kalender\u00e5ret. (31. Desember).<br>8. Medlemskap som ikke er betalt etter andre purring, blir oppsagt.<br>9. Vi bruker Rubic som medlemssystem, som er godkjent av Norges Idrettsforbund. For kommunikasjon benytter vi Rubic Connect. Her legger vi ut treninger og informajon. Om du ikke tar i bruk Rubic Connect s\u00e5 kan du g\u00e5 glipp av treninger og annen informasjon som legges ut der. <\/p>\n\n\n\n<p>Kostnadene for medlemskap finner du <a href=\"http:\/\/modumpistolklubb.no\/index.php\/priser-pr-2021\/\" target=\"_blank\" rel=\"noreferrer noopener\">her<\/a>.<br><br>Hvis du har forst\u00e5tt og godtatt dette kan du fortsette til Rubic for \u00e5 registrere deg.  Du vil f\u00e5 tilsendt faktura for medlemskapet n\u00e5r dette har blitt behandlet, men du er hjertelig velkommen p\u00e5 treningene vi har. <br><br>Du m\u00e5 benytte fullt navn for at registreringen skal g\u00e5 smertefritt. Det skal v\u00e6re det samme navnet som er i folkeregisteret. <br>Avvik p\u00e5 dette kan medf\u00f8re dobbeltregistrering, som kan medf\u00f8re ekstra arbeid for oss, og deg. <br><a href=\"https:\/\/app.rubic.no\/Account\/Signup?organizationID=12857\" target=\"_blank\" rel=\"noreferrer noopener\">Klikk her for \u00e5 g\u00e5 til registrering<\/a><br><br><\/p>\n","protected":false},"excerpt":{"rendered":"<p>Les dette f\u00f8r du melder deg inn. 1. Du m\u00e5 ikke ha skylding kontingent til tidligere idrettsforeninger, forbund o.l. Dette m\u00e5 v\u00e6re oppgjort f\u00f8r innmelding.2. &hellip; <\/p>\n","protected":false},"author":2,"featured_media":0,"parent":0,"menu_order":0,"comment_status":"closed","ping_status":"closed","template":"","meta":{"footnotes":""},"class_list":["post-243","page","type-page","status-publish","hentry"],"_links":{"self":[{"href":"https:\/\/www.modumpistolklubb.no\/index.php\/wp-json\/wp\/v2\/pages\/243","targetHints":{"allow":["GET"]}}],"collection":[{"href":"https:\/\/www.modumpistolklubb.no\/index.php\/wp-json\/wp\/v2\/pages"}],"about":[{"href":"https:\/\/www.modumpistolklubb.no\/index.php\/wp-json\/wp\/v2\/types\/page"}],"author":[{"embeddable":true,"href":"https:\/\/www.modumpistolklubb.no\/index.php\/wp-json\/wp\/v2\/users\/2"}],"replies":[{"embeddable":true,"href":"https:\/\/www.modumpistolklubb.no\/index.php\/wp-json\/wp\/v2\/comments?post=243"}],"version-history":[{"count":7,"href":"https:\/\/www.modumpistolklubb.no\/index.php\/wp-json\/wp\/v2\/pages\/243\/revisions"}],"predecessor-version":[{"id":1665,"href":"https:\/\/www.modumpistolklubb.no\/index.php\/wp-json\/wp\/v2\/pages\/243\/revisions\/1665"}],"wp:attachment":[{"href":"https:\/\/www.modumpistolklubb.no\/index.php\/wp-json\/wp\/v2\/media?parent=243"}],"curies":[{"name":"wp","href":"https:\/\/api.w.org\/{rel}","templated":true}]}}