{"id":227,"date":"2023-11-25T01:29:56","date_gmt":"2023-11-24T23:29:56","guid":{"rendered":"http:\/\/modumpistolklubb.no\/?page_id=227"},"modified":"2026-01-27T23:07:42","modified_gmt":"2026-01-27T21:07:42","slug":"priser-pr-2021","status":"publish","type":"page","link":"https:\/\/www.modumpistolklubb.no\/index.php\/priser-pr-2021\/","title":{"rendered":"Kontingenter og priser &#8211; Oppdatert 2026"},"content":{"rendered":"\n<figure class=\"wp-block-table is-style-stripes\"><table><tbody><tr><td>Type<\/td><td>Klubb*<\/td><td>Krets<\/td><td>Forbund<\/td><td>Totalt<\/td><\/tr><tr><td>Hoved<\/td><td>575,-\/288,-<\/td><td>75,-<\/td><td>480,-<\/td><td>1130,-<\/td><\/tr><tr><td>Familie<\/td><td>320,-\/160,-<\/td><td>75,-<\/td><td>480,-<\/td><td>875,-<\/td><\/tr><tr><td>Junior<\/td><td>100,-\/50,-<\/td><td>0,-<\/td><td>0,-<\/td><td>100,-<\/td><\/tr><tr><td>Honn\u00f8r<\/td><td>320,-\/160,-<\/td><td>75,-<\/td><td>480,-<\/td><td>875,-<\/td><\/tr><tr><td>Side<\/td><td>600,-\/300,-<\/td><td>0,-<\/td><td>0,-<\/td><td>600,-<\/td><\/tr><\/tbody><\/table><figcaption class=\"wp-element-caption\">*Klubbkontingenten er 1\/2 (rundet opp til n\u00e6rmeste hele krone), ved innmelding etter 1 August. <\/figcaption><\/figure>\n\n\n\n<p>Kommentarer til prislisten:<br><br><em><strong>Familie <\/strong>gjelder for f\u00f8lgende:  Dette krever at det er 1 medlem som betaler hovedmedlemskap, og medlem 2 -4 betaler familie-pris. Gjelder ikke juniormedlemskap. Dette gjelder for medlemmer i samme husstand. <\/em><br><br><em>Junior: Gjelder t.o.m det \u00e5ret man fyller 20 \u00e5r. Fra \u00e5ret man fyller 21, endres kontingenten til hovedmedlem. <\/em><\/p>\n\n\n\n<p>Du trenger kun \u00e5 kj\u00f8pe skivelapper utenom. Dette kan kj\u00f8pes hos oss for 75,- pr rull,eller du kan kj\u00f8pe p\u00e5 nett eller andre butikker. (Sorte og hvite lapper)<br><br>Klubbkontingenten fastsettes av \u00e5rsm\u00f8tet i Modum Pistolklubb. Sist fastsatt \u00e5rsm\u00f8tet 2023.<br>Forbundskontingent og kretskontingenten kreves inn av klubbene p\u00e5 vegne av Norges Skytterforbund og Buskerud Skytterkrets. Kontingenten p\u00e5 disse bestemmes sentralt. <\/p>\n\n\n\n<h2 class=\"wp-block-heading\">V\u00e5penleie:<\/h2>\n\n\n\n<figure class=\"wp-block-table is-style-stripes\"><table><tbody><tr><td>.22 Long Rifle<\/td><td>100,-<\/td><\/tr><tr><td>9mm<\/td><td>220,-<\/td><\/tr><tr><td>.38 Spesial<\/td><td>350,-<\/td><\/tr><tr><td>.357 Magnum<\/td><td>450,-<\/td><\/tr><tr><td><\/td><td><\/td><\/tr><\/tbody><\/table><figcaption class=\"wp-element-caption\">Ammunisjon selges ikke l\u00f8st. Prisene justeres gjennom \u00e5ret basert p\u00e5 hva klubben m\u00e5 betale.  Sist juster 01.01.2023<\/figcaption><\/figure>\n\n\n\n<h2 class=\"wp-block-heading\">Annet<\/h2>\n\n\n\n<figure class=\"wp-block-table is-style-stripes\"><table><tbody><tr><td>Sikkerhetskurs<\/td><td>1500,-<\/td><td><\/td><\/tr><tr><td>Skivelapper<\/td><td>75,-<\/td><td><\/td><\/tr><tr><td>Leie av bane. 1 instrukt\u00f8r*<\/td><td>450,- \/ time<\/td><td><\/td><\/tr><tr><td>Ekstra instrukt\u00f8r*<\/td><td>150,-\/time<\/td><td><\/td><\/tr><tr><td>Adgangskort skivebu<\/td><td>250,-<\/td><td><\/td><\/tr><\/tbody><\/table><figcaption class=\"wp-element-caption\">* Maks 5 deltakere per instrukt\u00f8r. Tillegg for ekstra instrukt\u00f8r per 5 voksne deltaker. V\u00e5penleie kommer i tillegg. Ungdom under 21 \u00e5r \u00e5r, skal det v\u00e6re 1 instrukt\u00f8r per 2. deltaker. <\/figcaption><\/figure>\n","protected":false},"excerpt":{"rendered":"<p>Type Klubb* Krets Forbund Totalt Hoved 575,-\/288,- 75,- 480,- 1130,- Familie 320,-\/160,- 75,- 480,- 875,- Junior 100,-\/50,- 0,- 0,- 100,- Honn\u00f8r 320,-\/160,- 75,- 480,- 875,- &hellip; <\/p>\n","protected":false},"author":2,"featured_media":0,"parent":0,"menu_order":0,"comment_status":"closed","ping_status":"closed","template":"","meta":{"footnotes":""},"class_list":["post-227","page","type-page","status-publish","hentry"],"_links":{"self":[{"href":"https:\/\/www.modumpistolklubb.no\/index.php\/wp-json\/wp\/v2\/pages\/227","targetHints":{"allow":["GET"]}}],"collection":[{"href":"https:\/\/www.modumpistolklubb.no\/index.php\/wp-json\/wp\/v2\/pages"}],"about":[{"href":"https:\/\/www.modumpistolklubb.no\/index.php\/wp-json\/wp\/v2\/types\/page"}],"author":[{"embeddable":true,"href":"https:\/\/www.modumpistolklubb.no\/index.php\/wp-json\/wp\/v2\/users\/2"}],"replies":[{"embeddable":true,"href":"https:\/\/www.modumpistolklubb.no\/index.php\/wp-json\/wp\/v2\/comments?post=227"}],"version-history":[{"count":28,"href":"https:\/\/www.modumpistolklubb.no\/index.php\/wp-json\/wp\/v2\/pages\/227\/revisions"}],"predecessor-version":[{"id":1674,"href":"https:\/\/www.modumpistolklubb.no\/index.php\/wp-json\/wp\/v2\/pages\/227\/revisions\/1674"}],"wp:attachment":[{"href":"https:\/\/www.modumpistolklubb.no\/index.php\/wp-json\/wp\/v2\/media?parent=227"}],"curies":[{"name":"wp","href":"https:\/\/api.w.org\/{rel}","templated":true}]}}