{"id":1577,"date":"2025-07-18T00:32:53","date_gmt":"2025-07-17T22:32:53","guid":{"rendered":"https:\/\/www.modumpistolklubb.no\/?page_id=1577"},"modified":"2025-08-17T23:27:17","modified_gmt":"2025-08-17T21:27:17","slug":"idrettens-hall-as","status":"publish","type":"page","link":"https:\/\/www.modumpistolklubb.no\/index.php\/idrettens-hall-as\/","title":{"rendered":"Idrettens Hall AS"},"content":{"rendered":"\n<figure class=\"wp-block-gallery has-nested-images columns-default is-cropped wp-block-gallery-1 is-layout-flex wp-block-gallery-is-layout-flex\">\n<figure class=\"wp-block-image size-large is-style-default\"><img loading=\"lazy\" decoding=\"async\" width=\"1024\" height=\"577\" data-id=\"1578\" src=\"https:\/\/www.modumpistolklubb.no\/wp-content\/uploads\/2025\/07\/Adkomst-1024x577.png\" alt=\"\" class=\"wp-image-1578\" srcset=\"https:\/\/www.modumpistolklubb.no\/wp-content\/uploads\/2025\/07\/Adkomst-1024x577.png 1024w, https:\/\/www.modumpistolklubb.no\/wp-content\/uploads\/2025\/07\/Adkomst-300x169.png 300w, https:\/\/www.modumpistolklubb.no\/wp-content\/uploads\/2025\/07\/Adkomst-768x433.png 768w, https:\/\/www.modumpistolklubb.no\/wp-content\/uploads\/2025\/07\/Adkomst.png 1168w\" sizes=\"auto, (max-width: 1024px) 100vw, 1024px\" \/><\/figure>\n\n\n\n<figure class=\"wp-block-image size-large\"><img loading=\"lazy\" decoding=\"async\" width=\"1024\" height=\"576\" data-id=\"1580\" src=\"https:\/\/www.modumpistolklubb.no\/wp-content\/uploads\/2025\/07\/skogholt-1024x576.png\" alt=\"\" class=\"wp-image-1580\" srcset=\"https:\/\/www.modumpistolklubb.no\/wp-content\/uploads\/2025\/07\/skogholt-1024x576.png 1024w, https:\/\/www.modumpistolklubb.no\/wp-content\/uploads\/2025\/07\/skogholt-300x169.png 300w, https:\/\/www.modumpistolklubb.no\/wp-content\/uploads\/2025\/07\/skogholt-768x432.png 768w, https:\/\/www.modumpistolklubb.no\/wp-content\/uploads\/2025\/07\/skogholt.png 1169w\" sizes=\"auto, (max-width: 1024px) 100vw, 1024px\" \/><\/figure>\n\n\n\n<figure class=\"wp-block-image size-large\"><img loading=\"lazy\" decoding=\"async\" width=\"822\" height=\"657\" data-id=\"1579\" src=\"https:\/\/www.modumpistolklubb.no\/wp-content\/uploads\/2025\/07\/Adkomst-2.png\" alt=\"\" class=\"wp-image-1579\" srcset=\"https:\/\/www.modumpistolklubb.no\/wp-content\/uploads\/2025\/07\/Adkomst-2.png 822w, https:\/\/www.modumpistolklubb.no\/wp-content\/uploads\/2025\/07\/Adkomst-2-300x240.png 300w, https:\/\/www.modumpistolklubb.no\/wp-content\/uploads\/2025\/07\/Adkomst-2-768x614.png 768w\" sizes=\"auto, (max-width: 822px) 100vw, 822px\" \/><\/figure>\n<\/figure>\n\n\n\n<p>Idrettens Hall AS er et selskap som skal bygge en flerbrukshall i Vikersund. <br>Anlegget vil bli eid av totalt 9 aksjon\u00e6rer, der Modum Pistolklubb er en av aksjon\u00e6rene. <br>Alle idrettslagene som er med p\u00e5 prosjektet har en like stor eierandel. <br><br>For v\u00e5r del vil det bli bygget en 25 meters innend\u00f8rs skytebane i kjelleren som vi skal dele med Nordre Modum Skytterlag. <br>Anlegget vil f\u00e5 10 standplasser, toaletter, eget avtrekk og stevnekontor. <br><br>Det er planlagt \u00e5 g\u00e5 til innkj\u00f8p av elektroniske skiver fra MegaLink.<br>Totalt beregnet pris for de elektroniske skivene er 750 000,-. <br>I tillegg kommer utgifter til flyttbare skytebord, nye skjermer for resultatvisning, datamaskiner for styring osv. <br><br>Anlegget blir godkjent for kun .22LR blykuler.<br><br>S\u00e5 i fremtiden h\u00e5per jeg at vi kan arrangere mye flere stevner enn vi har i dag, og vi f\u00e5r en ny arena i tillegg til den vi allerede har. <br><br>Modum Kommune skal st\u00e5 for driften av selve bygget, og vil ogs\u00e5 bli benyttet i forbindelse med en eventuelt ny barneskole som skal bygges ved siden av.<\/p>\n","protected":false},"excerpt":{"rendered":"<p>Idrettens Hall AS er et selskap som skal bygge en flerbrukshall i Vikersund. Anlegget vil bli eid av totalt 9 aksjon\u00e6rer, der Modum Pistolklubb er &hellip; <\/p>\n","protected":false},"author":1,"featured_media":0,"parent":0,"menu_order":0,"comment_status":"closed","ping_status":"closed","template":"","meta":{"footnotes":""},"class_list":["post-1577","page","type-page","status-publish","hentry"],"_links":{"self":[{"href":"https:\/\/www.modumpistolklubb.no\/index.php\/wp-json\/wp\/v2\/pages\/1577","targetHints":{"allow":["GET"]}}],"collection":[{"href":"https:\/\/www.modumpistolklubb.no\/index.php\/wp-json\/wp\/v2\/pages"}],"about":[{"href":"https:\/\/www.modumpistolklubb.no\/index.php\/wp-json\/wp\/v2\/types\/page"}],"author":[{"embeddable":true,"href":"https:\/\/www.modumpistolklubb.no\/index.php\/wp-json\/wp\/v2\/users\/1"}],"replies":[{"embeddable":true,"href":"https:\/\/www.modumpistolklubb.no\/index.php\/wp-json\/wp\/v2\/comments?post=1577"}],"version-history":[{"count":2,"href":"https:\/\/www.modumpistolklubb.no\/index.php\/wp-json\/wp\/v2\/pages\/1577\/revisions"}],"predecessor-version":[{"id":1635,"href":"https:\/\/www.modumpistolklubb.no\/index.php\/wp-json\/wp\/v2\/pages\/1577\/revisions\/1635"}],"wp:attachment":[{"href":"https:\/\/www.modumpistolklubb.no\/index.php\/wp-json\/wp\/v2\/media?parent=1577"}],"curies":[{"name":"wp","href":"https:\/\/api.w.org\/{rel}","templated":true}]}}