{"id":1189,"date":"2024-04-20T18:30:03","date_gmt":"2024-04-20T16:30:03","guid":{"rendered":"https:\/\/www.modumpistolklubb.no\/?page_id=1189"},"modified":"2024-05-22T22:48:12","modified_gmt":"2024-05-22T20:48:12","slug":"cup2024","status":"publish","type":"page","link":"https:\/\/www.modumpistolklubb.no\/index.php\/cup2024\/","title":{"rendered":"MixCup 2024"},"content":{"rendered":"\n<p>Modum Pistolklubb har 8 approberte stevner i 2024. <br>Disse stevnene inng\u00e5r i noe vi velger \u00e5 kalle MixCup. Her skyter du forskjellige \u00f8velser med Finpistol i .22 kaliber. <br>Denne cupen er \u00e5pen kun for Modum Pistolklubb sine medlemmer. <br>Kun en deltakelse i hver \u00f8velse for cupen. <br><br>Stevnene er som f\u00f8lger:<br><\/p>\n\n\n\n<div class=\"wp-block-media-text is-stacked-on-mobile\"><figure class=\"wp-block-media-text__media\"><img loading=\"lazy\" decoding=\"async\" width=\"1024\" height=\"466\" src=\"https:\/\/www.modumpistolklubb.no\/wp-content\/uploads\/2024\/04\/image-1024x466.png\" alt=\"\" class=\"wp-image-1190 size-full\" srcset=\"https:\/\/www.modumpistolklubb.no\/wp-content\/uploads\/2024\/04\/image-1024x466.png 1024w, https:\/\/www.modumpistolklubb.no\/wp-content\/uploads\/2024\/04\/image-300x137.png 300w, https:\/\/www.modumpistolklubb.no\/wp-content\/uploads\/2024\/04\/image-768x350.png 768w, https:\/\/www.modumpistolklubb.no\/wp-content\/uploads\/2024\/04\/image.png 1212w\" sizes=\"auto, (max-width: 1024px) 100vw, 1024px\" \/><\/figure><div class=\"wp-block-media-text__content\">\n<p>Norgesfelt g\u00e5r fra kl 09:00 til kl 17:00<\/p>\n<\/div><\/div>\n\n\n\n<p>Stevneneresultatene registreres som p\u00e5 en vanlig konkurranse, men for cupen registrerer det en egen resultatliste. <br><br>Poengberegningen i cupen g\u00e5r p\u00e5 prosentandel av totalt oppn\u00e5elige poeng for \u00f8velsen. <br>Dette legges tislutt sammen, og snittberegnes. <br><br>Det blir premiering i form av plakett for 1,2 og 3 plass i begge klassene. <br><br>Klassene blir som f\u00f8lger:<br>Rekrutt: &laquo;nybegynner&raquo; uten eget v\u00e5pen.<br>\u00c5pen: \u00c5pent for alle som har eget v\u00e5pen, men du kan ikke delta i rekrutt. <br><br>Cupen koster 250,-, ikke-refunderbart. Da betaler du ikke startkontingent p\u00e5 de \u00f8velsene som er endel av cupen. <br><br>Du kan ogs\u00e5 delta p\u00e5 stevnene uten \u00e5 delta i cupen. Da betaler du vanlig startkontingent p\u00e5 stevnene. <br>Du m\u00e5 ha deltatt p\u00e5 minst 3 av de 4 stevnene for \u00e5 kunne kvalifiseres som deltaker. <br>No-show p\u00e5 et p\u00e5meldt stevne gir DNS (Did Not Show), og gir 0 poeng, men blir tellende poengsum i cupen. <br><br>\u00d8nsker du \u00e5 delta p\u00e5 dette? <br>Meld deg p\u00e5 cupen ved \u00e5 sende en e-post til nestleder@modumpistolklubb.no <br>Send f\u00f8lgende informasjon:<br>Navn<br>SkytterID<br>Tidspunkt for det enkelte stevne (bortsett fra Norgesfelt, som g\u00e5r l\u00f8pende gjennom dagen). <br>Klasse: \u00c5pen eller Rekrutt. (Du skyter i samme klasse gjennom alle \u00f8velsene). <br><\/p>\n\n\n\n<h2 class=\"wp-block-heading\">P\u00e5melding<\/h2>\n\n\n\n<p>25.05.2024: NAIS <a href=\"https:\/\/app.rubic.no\/Public\/Events\/19767\">Klikk her for p\u00e5melding<\/a><br>22.06.2024. Norgesfelt: <a href=\"https:\/\/app.rubic.no\/Public\/Events\/19768\">Klikk her for p\u00e5melding<\/a><br>17.08.2024: Hurtigpistol: <a href=\"https:\/\/app.rubic.no\/Public\/Events\/19769\">Klikk her for p\u00e5melding<\/a><br>28.09.2024: 25m Finpistol: <a href=\"https:\/\/app.rubic.no\/Public\/Events\/19770\" title=\"\">Klikk her for p\u00e5melding<\/a><\/p>\n\n\n\n<p><br><\/p>\n","protected":false},"excerpt":{"rendered":"<p>Modum Pistolklubb har 8 approberte stevner i 2024. Disse stevnene inng\u00e5r i noe vi velger \u00e5 kalle MixCup. Her skyter du forskjellige \u00f8velser med Finpistol &hellip; <\/p>\n","protected":false},"author":1,"featured_media":0,"parent":0,"menu_order":0,"comment_status":"closed","ping_status":"closed","template":"","meta":{"footnotes":""},"class_list":["post-1189","page","type-page","status-publish","hentry"],"_links":{"self":[{"href":"https:\/\/www.modumpistolklubb.no\/index.php\/wp-json\/wp\/v2\/pages\/1189","targetHints":{"allow":["GET"]}}],"collection":[{"href":"https:\/\/www.modumpistolklubb.no\/index.php\/wp-json\/wp\/v2\/pages"}],"about":[{"href":"https:\/\/www.modumpistolklubb.no\/index.php\/wp-json\/wp\/v2\/types\/page"}],"author":[{"embeddable":true,"href":"https:\/\/www.modumpistolklubb.no\/index.php\/wp-json\/wp\/v2\/users\/1"}],"replies":[{"embeddable":true,"href":"https:\/\/www.modumpistolklubb.no\/index.php\/wp-json\/wp\/v2\/comments?post=1189"}],"version-history":[{"count":8,"href":"https:\/\/www.modumpistolklubb.no\/index.php\/wp-json\/wp\/v2\/pages\/1189\/revisions"}],"predecessor-version":[{"id":1267,"href":"https:\/\/www.modumpistolklubb.no\/index.php\/wp-json\/wp\/v2\/pages\/1189\/revisions\/1267"}],"wp:attachment":[{"href":"https:\/\/www.modumpistolklubb.no\/index.php\/wp-json\/wp\/v2\/media?parent=1189"}],"curies":[{"name":"wp","href":"https:\/\/api.w.org\/{rel}","templated":true}]}}